
{"id":24259,"date":"2023-02-13T10:32:42","date_gmt":"2023-02-13T11:31:09","guid":{"rendered":"https:\/\/www.triangleeditorial.com\/producto\/la-costa-de-almeria\/"},"modified":"2023-07-28T09:09:19","modified_gmt":"2023-07-28T09:09:19","slug":"la-costa-de-almeria","status":"publish","type":"product","link":"https:\/\/triangle.cat\/es\/producto\/la-costa-de-almeria\/","title":{"rendered":"La costa de Almer\u00eda"},"content":{"rendered":"","protected":false},"excerpt":{"rendered":"<p>Almer\u00eda, desde su aridez, consigue enamorar al viajero. El paisaje, a un tiempo \u00e9pico y rom\u00e1ntico, modula una vida dura pero agradable. Una costa donde una tierra plenamente ocre y un agua inmensamente azul se abrazan en cada acantilado y en cada playa. Un lugar \u00fanico en Europa.<\/p>\n","protected":false},"featured_media":3783,"comment_status":"closed","ping_status":"open","template":"","meta":{"_acf_changed":false,"_monsterinsights_skip_tracking":false,"_monsterinsights_sitenote_active":false,"_monsterinsights_sitenote_note":"","_monsterinsights_sitenote_category":0},"product_brand":[],"product_cat":[1534],"product_tag":[991,295,1008,293],"class_list":{"0":"post-24259","1":"product","2":"type-product","3":"status-publish","4":"has-post-thumbnail","6":"product_cat-andalucia-es-2","7":"product_tag-aleman-es","8":"product_tag-espanol","9":"product_tag-frances-es","10":"product_tag-ingles","11":"pa_idioma-deutsch-es","12":"pa_idioma-english-es","13":"pa_idioma-espanol-es-2","14":"pa_idioma-francais-es","16":"first","17":"instock","18":"taxable","19":"shipping-taxable","20":"purchasable","21":"product-type-variable","22":"has-default-attributes"},"acf":[],"_links":{"self":[{"href":"https:\/\/triangle.cat\/es\/wp-json\/wp\/v2\/product\/24259","targetHints":{"allow":["GET"]}}],"collection":[{"href":"https:\/\/triangle.cat\/es\/wp-json\/wp\/v2\/product"}],"about":[{"href":"https:\/\/triangle.cat\/es\/wp-json\/wp\/v2\/types\/product"}],"replies":[{"embeddable":true,"href":"https:\/\/triangle.cat\/es\/wp-json\/wp\/v2\/comments?post=24259"}],"wp:featuredmedia":[{"embeddable":true,"href":"https:\/\/triangle.cat\/es\/wp-json\/wp\/v2\/media\/3783"}],"wp:attachment":[{"href":"https:\/\/triangle.cat\/es\/wp-json\/wp\/v2\/media?parent=24259"}],"wp:term":[{"taxonomy":"product_brand","embeddable":true,"href":"https:\/\/triangle.cat\/es\/wp-json\/wp\/v2\/product_brand?post=24259"},{"taxonomy":"product_cat","embeddable":true,"href":"https:\/\/triangle.cat\/es\/wp-json\/wp\/v2\/product_cat?post=24259"},{"taxonomy":"product_tag","embeddable":true,"href":"https:\/\/triangle.cat\/es\/wp-json\/wp\/v2\/product_tag?post=24259"}],"curies":[{"name":"wp","href":"https:\/\/api.w.org\/{rel}","templated":true}]}}