
{"id":24243,"date":"2023-02-13T10:29:34","date_gmt":"2023-02-13T11:27:45","guid":{"rendered":"https:\/\/www.triangleeditorial.com\/producto\/la-alhambra-de-granada-2\/"},"modified":"2023-02-13T11:31:10","modified_gmt":"2023-02-13T11:31:10","slug":"la-alhambra-de-granada-2","status":"publish","type":"product","link":"https:\/\/triangle.cat\/es\/producto\/la-alhambra-de-granada-2\/","title":{"rendered":"La Alhambra de Granada"},"content":{"rendered":"","protected":false},"excerpt":{"rendered":"<p>El fot\u00f3grafo Llu\u00eds Casals y el novelista F\u00e9lix Bay\u00f3n nos gu\u00edan a trav\u00e9s de un viaje por la ciudad medieval de la Alhambra de Granada, una de las obras maestras de la cultura musulmana en Espa\u00f1a. La riqueza de contrastes de la luz y el agua, el colorido y la exquisita ornamentaci\u00f3n de sus palacios, jardines y patios la convierten en un placer para los sentidos.<\/p>\n","protected":false},"featured_media":3772,"comment_status":"closed","ping_status":"open","template":"","meta":{"_acf_changed":false,"_monsterinsights_skip_tracking":false,"_monsterinsights_sitenote_active":false,"_monsterinsights_sitenote_note":"","_monsterinsights_sitenote_category":0},"product_brand":[],"product_cat":[1534,1537],"product_tag":[991,295,1008,293,319,1095,1089],"class_list":{"0":"post-24243","1":"product","2":"type-product","3":"status-publish","4":"has-post-thumbnail","6":"product_cat-andalucia-es-2","7":"product_cat-arte-y-arquitectura-es","8":"product_tag-aleman-es","9":"product_tag-espanol","10":"product_tag-frances-es","11":"product_tag-ingles","12":"product_tag-italiano","13":"product_tag-japones-es","14":"product_tag-ruso-es","15":"pa_idioma-deutsch-es","16":"pa_idioma-english-es","17":"pa_idioma-espanol-es-2","18":"pa_idioma-francais-es","19":"pa_idioma-italiano-es","20":"pa_idioma--es","23":"first","24":"instock","25":"taxable","26":"shipping-taxable","27":"purchasable","28":"product-type-variable","29":"has-default-attributes"},"acf":[],"_links":{"self":[{"href":"https:\/\/triangle.cat\/es\/wp-json\/wp\/v2\/product\/24243","targetHints":{"allow":["GET"]}}],"collection":[{"href":"https:\/\/triangle.cat\/es\/wp-json\/wp\/v2\/product"}],"about":[{"href":"https:\/\/triangle.cat\/es\/wp-json\/wp\/v2\/types\/product"}],"replies":[{"embeddable":true,"href":"https:\/\/triangle.cat\/es\/wp-json\/wp\/v2\/comments?post=24243"}],"wp:featuredmedia":[{"embeddable":true,"href":"https:\/\/triangle.cat\/es\/wp-json\/wp\/v2\/media\/3772"}],"wp:attachment":[{"href":"https:\/\/triangle.cat\/es\/wp-json\/wp\/v2\/media?parent=24243"}],"wp:term":[{"taxonomy":"product_brand","embeddable":true,"href":"https:\/\/triangle.cat\/es\/wp-json\/wp\/v2\/product_brand?post=24243"},{"taxonomy":"product_cat","embeddable":true,"href":"https:\/\/triangle.cat\/es\/wp-json\/wp\/v2\/product_cat?post=24243"},{"taxonomy":"product_tag","embeddable":true,"href":"https:\/\/triangle.cat\/es\/wp-json\/wp\/v2\/product_tag?post=24243"}],"curies":[{"name":"wp","href":"https:\/\/api.w.org\/{rel}","templated":true}]}}