
{"id":24236,"date":"2023-02-13T10:28:43","date_gmt":"2023-02-13T11:26:49","guid":{"rendered":"https:\/\/www.triangleeditorial.com\/producto\/la-alhambra-de-granada\/"},"modified":"2023-02-13T11:27:47","modified_gmt":"2023-02-13T11:27:47","slug":"la-alhambra-de-granada","status":"publish","type":"product","link":"https:\/\/triangle.cat\/es\/producto\/la-alhambra-de-granada\/","title":{"rendered":"La Alhambra de Granada"},"content":{"rendered":"","protected":false},"excerpt":{"rendered":"<p>El fot\u00f3grafo Llu\u00eds Casals y el novelista F\u00e9lix Bay\u00f3n nos gu\u00edan a traves de un viaje por la ciudad medieval de la Alhambra de Granada, una de las obras maestras que la cultura musulmana erigi\u00f3 en la pen\u00ednsula ib\u00e9rica. La riqueza de contrastes de la luz y el agua, el colorido y la exquisita ornamentaci\u00f3n de sus palacios, jardines y patios la convierten en un placer para los sentidos.<\/p>\n","protected":false},"featured_media":17973,"comment_status":"closed","ping_status":"closed","template":"","meta":{"_acf_changed":false,"_monsterinsights_skip_tracking":false,"_monsterinsights_sitenote_active":false,"_monsterinsights_sitenote_note":"","_monsterinsights_sitenote_category":0},"product_brand":[],"product_cat":[1534,1537,1553],"product_tag":[991,295,1008,293,319,1095],"class_list":{"0":"post-24236","1":"product","2":"type-product","3":"status-publish","4":"has-post-thumbnail","6":"product_cat-andalucia-es-2","7":"product_cat-arte-y-arquitectura-es","8":"product_cat-fotografia-y-diseno","9":"product_tag-aleman-es","10":"product_tag-espanol","11":"product_tag-frances-es","12":"product_tag-ingles","13":"product_tag-italiano","14":"product_tag-japones-es","15":"pa_idioma-deutsch-es","16":"pa_idioma-english-es","17":"pa_idioma-espanol-es-2","18":"pa_idioma-francais-es","19":"pa_idioma-italiano-es","20":"pa_idioma--es","22":"first","23":"instock","24":"taxable","25":"shipping-taxable","26":"purchasable","27":"product-type-variable","28":"has-default-attributes"},"acf":[],"_links":{"self":[{"href":"https:\/\/triangle.cat\/es\/wp-json\/wp\/v2\/product\/24236","targetHints":{"allow":["GET"]}}],"collection":[{"href":"https:\/\/triangle.cat\/es\/wp-json\/wp\/v2\/product"}],"about":[{"href":"https:\/\/triangle.cat\/es\/wp-json\/wp\/v2\/types\/product"}],"replies":[{"embeddable":true,"href":"https:\/\/triangle.cat\/es\/wp-json\/wp\/v2\/comments?post=24236"}],"wp:featuredmedia":[{"embeddable":true,"href":"https:\/\/triangle.cat\/es\/wp-json\/wp\/v2\/media\/17973"}],"wp:attachment":[{"href":"https:\/\/triangle.cat\/es\/wp-json\/wp\/v2\/media?parent=24236"}],"wp:term":[{"taxonomy":"product_brand","embeddable":true,"href":"https:\/\/triangle.cat\/es\/wp-json\/wp\/v2\/product_brand?post=24236"},{"taxonomy":"product_cat","embeddable":true,"href":"https:\/\/triangle.cat\/es\/wp-json\/wp\/v2\/product_cat?post=24236"},{"taxonomy":"product_tag","embeddable":true,"href":"https:\/\/triangle.cat\/es\/wp-json\/wp\/v2\/product_tag?post=24236"}],"curies":[{"name":"wp","href":"https:\/\/api.w.org\/{rel}","templated":true}]}}