
{"id":48541,"date":"2026-03-31T13:19:21","date_gmt":"2026-03-31T11:19:21","guid":{"rendered":"https:\/\/triangle.cat\/producto\/casa-batllo-patrimoni\/"},"modified":"2026-04-07T12:49:50","modified_gmt":"2026-04-07T10:49:50","slug":"casa-batllo-patrimoni","status":"publish","type":"product","link":"https:\/\/triangle.cat\/en\/producto\/casa-batllo-patrimoni\/","title":{"rendered":"Casa Batll\u00f3"},"content":{"rendered":"","protected":false},"excerpt":{"rendered":"<p>This book Casa Batll\u00f3, takes us beyond its fa\u00e7ade to reveal to us, with meticulous detail, the archi-tect\u2019s great creativity. It includes an essay by Juan Jos\u00e9 Lahuerta and a study of the morphology of the building.<\/p>\n","protected":false},"featured_media":48571,"comment_status":"closed","ping_status":"closed","template":"","meta":{"_acf_changed":false,"_monsterinsights_skip_tracking":false,"_monsterinsights_sitenote_active":false,"_monsterinsights_sitenote_note":"","_monsterinsights_sitenote_category":0},"product_brand":[],"product_cat":[1556],"product_tag":[],"class_list":{"0":"post-48541","1":"product","2":"type-product","3":"status-publish","4":"has-post-thumbnail","6":"product_cat-antoni-gaudi-en","7":"pa_idioma-catalan-en","8":"pa_idioma-chinese","9":"pa_idioma-deutsch-en","10":"pa_idioma-english-en","11":"pa_idioma-espanol-en","12":"pa_idioma-francais-en","13":"pa_idioma-italiano-en","15":"first","16":"instock","17":"taxable","18":"shipping-taxable","19":"purchasable","20":"product-type-variable"},"acf":[],"_links":{"self":[{"href":"https:\/\/triangle.cat\/en\/wp-json\/wp\/v2\/product\/48541","targetHints":{"allow":["GET"]}}],"collection":[{"href":"https:\/\/triangle.cat\/en\/wp-json\/wp\/v2\/product"}],"about":[{"href":"https:\/\/triangle.cat\/en\/wp-json\/wp\/v2\/types\/product"}],"replies":[{"embeddable":true,"href":"https:\/\/triangle.cat\/en\/wp-json\/wp\/v2\/comments?post=48541"}],"wp:featuredmedia":[{"embeddable":true,"href":"https:\/\/triangle.cat\/en\/wp-json\/wp\/v2\/media\/48571"}],"wp:attachment":[{"href":"https:\/\/triangle.cat\/en\/wp-json\/wp\/v2\/media?parent=48541"}],"wp:term":[{"taxonomy":"product_brand","embeddable":true,"href":"https:\/\/triangle.cat\/en\/wp-json\/wp\/v2\/product_brand?post=48541"},{"taxonomy":"product_cat","embeddable":true,"href":"https:\/\/triangle.cat\/en\/wp-json\/wp\/v2\/product_cat?post=48541"},{"taxonomy":"product_tag","embeddable":true,"href":"https:\/\/triangle.cat\/en\/wp-json\/wp\/v2\/product_tag?post=48541"}],"curies":[{"name":"wp","href":"https:\/\/api.w.org\/{rel}","templated":true}]}}