
{"id":47500,"date":"2025-10-23T19:34:53","date_gmt":"2025-10-23T17:34:53","guid":{"rendered":"https:\/\/triangle.cat\/producto\/la-casa-navas\/"},"modified":"2025-10-23T19:45:59","modified_gmt":"2025-10-23T17:45:59","slug":"la-casa-navas","status":"publish","type":"product","link":"https:\/\/triangle.cat\/en\/producto\/la-casa-navas\/","title":{"rendered":"La Casa Nav\u00e0s"},"content":{"rendered":"","protected":false},"excerpt":{"rendered":"<p>Casa Nav\u00e0s is a jewel of Modernism that has been preserved exactly as it was conceived by Llu\u00eds Dom\u00e8nech i Montaner, the architect behind emblematic works such as the Palau de la M\u00fasica Catalana and the Hospital de Sant Pau, both Unesco World Heritage sites. The architect integrated all the visual and decorative arts into Casa Nav\u00e0s. The fi nest artists from each fi eld worked on it, adorning the house with spectacular mosaics, sculptures, furniture, ceramics and stained glass. The result is a marvel that is undoubtedly worth visiting.<\/p>\n","protected":false},"featured_media":47448,"comment_status":"closed","ping_status":"closed","template":"","meta":{"_acf_changed":false,"_monsterinsights_skip_tracking":false,"_monsterinsights_sitenote_active":false,"_monsterinsights_sitenote_note":"","_monsterinsights_sitenote_category":0},"product_brand":[],"product_cat":[1535,1530,1541],"product_tag":[],"class_list":{"0":"post-47500","1":"product","2":"type-product","3":"status-publish","4":"has-post-thumbnail","6":"product_cat-art-architecture-en","7":"product_cat-books","8":"product_cat-catalonia","9":"pa_idioma-catala-english-en","10":"pa_idioma-espanol-francais-en","12":"first","13":"instock","14":"taxable","15":"shipping-taxable","16":"purchasable","17":"product-type-variable"},"acf":[],"_links":{"self":[{"href":"https:\/\/triangle.cat\/en\/wp-json\/wp\/v2\/product\/47500","targetHints":{"allow":["GET"]}}],"collection":[{"href":"https:\/\/triangle.cat\/en\/wp-json\/wp\/v2\/product"}],"about":[{"href":"https:\/\/triangle.cat\/en\/wp-json\/wp\/v2\/types\/product"}],"replies":[{"embeddable":true,"href":"https:\/\/triangle.cat\/en\/wp-json\/wp\/v2\/comments?post=47500"}],"wp:featuredmedia":[{"embeddable":true,"href":"https:\/\/triangle.cat\/en\/wp-json\/wp\/v2\/media\/47448"}],"wp:attachment":[{"href":"https:\/\/triangle.cat\/en\/wp-json\/wp\/v2\/media?parent=47500"}],"wp:term":[{"taxonomy":"product_brand","embeddable":true,"href":"https:\/\/triangle.cat\/en\/wp-json\/wp\/v2\/product_brand?post=47500"},{"taxonomy":"product_cat","embeddable":true,"href":"https:\/\/triangle.cat\/en\/wp-json\/wp\/v2\/product_cat?post=47500"},{"taxonomy":"product_tag","embeddable":true,"href":"https:\/\/triangle.cat\/en\/wp-json\/wp\/v2\/product_tag?post=47500"}],"curies":[{"name":"wp","href":"https:\/\/api.w.org\/{rel}","templated":true}]}}