
{"id":47334,"date":"2025-10-20T12:23:36","date_gmt":"2025-10-20T10:23:36","guid":{"rendered":"https:\/\/triangle.cat\/?post_type=product&#038;p=47334"},"modified":"2025-10-20T12:27:46","modified_gmt":"2025-10-20T10:27:46","slug":"gaudi-x-gaudi","status":"publish","type":"product","link":"https:\/\/triangle.cat\/en\/producto\/gaudi-x-gaudi\/","title":{"rendered":"Gaud\u00ed \u00d7 Gaud\u00ed"},"content":{"rendered":"","protected":false},"excerpt":{"rendered":"<p>What was Antoni Gaud\u00ed\u2019s vision of the world? What did the architect think about beauty, light, art, geometry or nature?<\/p>\n<p>This book compiles the fundamental aspects of his philos-ophy, through quotes gathered by his pupils, which are illustrated by many images of his most-known works.<\/p>\n","protected":false},"featured_media":47331,"comment_status":"closed","ping_status":"closed","template":"","meta":{"_acf_changed":false,"_monsterinsights_skip_tracking":false,"_monsterinsights_sitenote_active":false,"_monsterinsights_sitenote_note":"","_monsterinsights_sitenote_category":0},"product_brand":[],"product_cat":[1458,1556,1530],"product_tag":[],"class_list":{"0":"post-47334","1":"product","2":"type-product","3":"status-publish","4":"has-post-thumbnail","6":"product_cat-un-categorize","7":"product_cat-antoni-gaudi-en","8":"product_cat-books","9":"pa_idioma-multilingual-catala-francais-italiano","10":"pa_idioma-multilingue-english-espanol-deutsch-en","12":"first","13":"instock","14":"taxable","15":"shipping-taxable","16":"purchasable","17":"product-type-variable"},"acf":[],"_links":{"self":[{"href":"https:\/\/triangle.cat\/en\/wp-json\/wp\/v2\/product\/47334","targetHints":{"allow":["GET"]}}],"collection":[{"href":"https:\/\/triangle.cat\/en\/wp-json\/wp\/v2\/product"}],"about":[{"href":"https:\/\/triangle.cat\/en\/wp-json\/wp\/v2\/types\/product"}],"replies":[{"embeddable":true,"href":"https:\/\/triangle.cat\/en\/wp-json\/wp\/v2\/comments?post=47334"}],"wp:featuredmedia":[{"embeddable":true,"href":"https:\/\/triangle.cat\/en\/wp-json\/wp\/v2\/media\/47331"}],"wp:attachment":[{"href":"https:\/\/triangle.cat\/en\/wp-json\/wp\/v2\/media?parent=47334"}],"wp:term":[{"taxonomy":"product_brand","embeddable":true,"href":"https:\/\/triangle.cat\/en\/wp-json\/wp\/v2\/product_brand?post=47334"},{"taxonomy":"product_cat","embeddable":true,"href":"https:\/\/triangle.cat\/en\/wp-json\/wp\/v2\/product_cat?post=47334"},{"taxonomy":"product_tag","embeddable":true,"href":"https:\/\/triangle.cat\/en\/wp-json\/wp\/v2\/product_tag?post=47334"}],"curies":[{"name":"wp","href":"https:\/\/api.w.org\/{rel}","templated":true}]}}