
{"id":47259,"date":"2025-10-20T10:50:08","date_gmt":"2025-10-20T08:50:08","guid":{"rendered":"https:\/\/triangle.cat\/producto\/casa-navas-tarragona\/"},"modified":"2025-10-20T12:26:48","modified_gmt":"2025-10-20T10:26:48","slug":"casa-navas-tarragona","status":"publish","type":"product","link":"https:\/\/triangle.cat\/en\/producto\/casa-navas-tarragona\/","title":{"rendered":"Casa Nav\u00e0s"},"content":{"rendered":"","protected":false},"excerpt":{"rendered":"<p>This book puts the Casa Navas in the spot-light. Located in the town of Reus and designed by the architect Dom\u00e8nech i Montaner, this jewel of Catalonia\u2019s home-grown art nouveau, modernisme, is one of the most representative examples of the architecture produced in the Camp de Tarragona and Terres de l\u2019Ebre between 1880 and 1930.<\/p>\n<p>It features some seven hundred buildings, most of them in the modernista style, as well as examples of the later noucentista and eclectic styles.<\/p>\n<p>The buildings are divided into counties and include landmarks by architects including Antoni Gaud\u00ed, Llu\u00eds Dom\u00e8nech i Montaner, Josep Maria Jujol, C\u00e8sar Martinell, Joan Rubi\u00f3, Francesc Berenguer, Pere Caselles, Josep Maria Pujol de Barber\u00e0, Pau Mongui\u00f3 and Ramon Salas.<\/p>\n<p>Spectacular photographs with detailed descriptions and suggested walking trails. Enjoy an enriching reading experience together with evocative photographs.<\/p>\n","protected":false},"featured_media":47255,"comment_status":"closed","ping_status":"closed","template":"","meta":{"_acf_changed":false,"_monsterinsights_skip_tracking":false,"_monsterinsights_sitenote_active":false,"_monsterinsights_sitenote_note":"","_monsterinsights_sitenote_category":0},"product_brand":[],"product_cat":[1530,1541],"product_tag":[],"class_list":{"0":"post-47259","1":"product","2":"type-product","3":"status-publish","4":"has-post-thumbnail","6":"product_cat-books","7":"product_cat-catalonia","8":"pa_idioma-catala-english-en","9":"pa_idioma-espanol-francais-en","11":"first","12":"instock","13":"taxable","14":"shipping-taxable","15":"purchasable","16":"product-type-variable"},"acf":[],"_links":{"self":[{"href":"https:\/\/triangle.cat\/en\/wp-json\/wp\/v2\/product\/47259","targetHints":{"allow":["GET"]}}],"collection":[{"href":"https:\/\/triangle.cat\/en\/wp-json\/wp\/v2\/product"}],"about":[{"href":"https:\/\/triangle.cat\/en\/wp-json\/wp\/v2\/types\/product"}],"replies":[{"embeddable":true,"href":"https:\/\/triangle.cat\/en\/wp-json\/wp\/v2\/comments?post=47259"}],"wp:featuredmedia":[{"embeddable":true,"href":"https:\/\/triangle.cat\/en\/wp-json\/wp\/v2\/media\/47255"}],"wp:attachment":[{"href":"https:\/\/triangle.cat\/en\/wp-json\/wp\/v2\/media?parent=47259"}],"wp:term":[{"taxonomy":"product_brand","embeddable":true,"href":"https:\/\/triangle.cat\/en\/wp-json\/wp\/v2\/product_brand?post=47259"},{"taxonomy":"product_cat","embeddable":true,"href":"https:\/\/triangle.cat\/en\/wp-json\/wp\/v2\/product_cat?post=47259"},{"taxonomy":"product_tag","embeddable":true,"href":"https:\/\/triangle.cat\/en\/wp-json\/wp\/v2\/product_tag?post=47259"}],"curies":[{"name":"wp","href":"https:\/\/api.w.org\/{rel}","templated":true}]}}