
{"id":46083,"date":"2023-07-28T14:19:14","date_gmt":"2023-07-04T16:27:23","guid":{"rendered":"https:\/\/triangle.cat\/producto\/gaudi-8\/"},"modified":"2025-07-01T13:12:46","modified_gmt":"2025-07-01T11:12:46","slug":"gaudi-8","status":"publish","type":"product","link":"https:\/\/triangle.cat\/en\/producto\/gaudi-8\/","title":{"rendered":"Gaud\u00ed"},"content":{"rendered":"","protected":false},"excerpt":{"rendered":"<p>You choose the color of Gaud\u00ed&#8217;s buildings. A pack of postcards to have fun wherever you are, and send spectacular creations to your friends and family. You can color everything: the towers of the Sagrada Familia, the chimneys of the Palau G\u00fcell, the balconies and rooftop of La Pedrera, the fa\u00e7ade of Casa Vicens, the dragon at Park G\u00fcell, or the top of Casa Batll\u00f3. A perfect fusion of creativity, fun, and learning!<\/p>\n","protected":false},"featured_media":31712,"comment_status":"closed","ping_status":"closed","template":"","meta":{"_acf_changed":false,"_monsterinsights_skip_tracking":false,"_monsterinsights_sitenote_active":false,"_monsterinsights_sitenote_note":"","_monsterinsights_sitenote_category":0},"product_brand":[],"product_cat":[1562,1911],"product_tag":[],"class_list":{"0":"post-46083","1":"product","2":"type-product","3":"status-publish","4":"has-post-thumbnail","6":"product_cat-childrens-books","7":"product_cat-llibres-infantils-en","9":"first","10":"instock","11":"taxable","12":"shipping-taxable","13":"purchasable","14":"product-type-simple"},"acf":[],"_links":{"self":[{"href":"https:\/\/triangle.cat\/en\/wp-json\/wp\/v2\/product\/46083","targetHints":{"allow":["GET"]}}],"collection":[{"href":"https:\/\/triangle.cat\/en\/wp-json\/wp\/v2\/product"}],"about":[{"href":"https:\/\/triangle.cat\/en\/wp-json\/wp\/v2\/types\/product"}],"replies":[{"embeddable":true,"href":"https:\/\/triangle.cat\/en\/wp-json\/wp\/v2\/comments?post=46083"}],"wp:featuredmedia":[{"embeddable":true,"href":"https:\/\/triangle.cat\/en\/wp-json\/wp\/v2\/media\/31712"}],"wp:attachment":[{"href":"https:\/\/triangle.cat\/en\/wp-json\/wp\/v2\/media?parent=46083"}],"wp:term":[{"taxonomy":"product_brand","embeddable":true,"href":"https:\/\/triangle.cat\/en\/wp-json\/wp\/v2\/product_brand?post=46083"},{"taxonomy":"product_cat","embeddable":true,"href":"https:\/\/triangle.cat\/en\/wp-json\/wp\/v2\/product_cat?post=46083"},{"taxonomy":"product_tag","embeddable":true,"href":"https:\/\/triangle.cat\/en\/wp-json\/wp\/v2\/product_tag?post=46083"}],"curies":[{"name":"wp","href":"https:\/\/api.w.org\/{rel}","templated":true}]}}