
{"id":45587,"date":"2022-03-06T00:00:00","date_gmt":"2022-03-05T22:00:00","guid":{"rendered":"https:\/\/triangle.cat\/producto\/2026-desktop-calendar-palau-de-la-musica\/"},"modified":"2025-09-06T22:40:14","modified_gmt":"2025-09-06T20:40:14","slug":"2026-desktop-calendar-palau-de-la-musica","status":"publish","type":"product","link":"https:\/\/triangle.cat\/en\/producto\/2026-desktop-calendar-palau-de-la-musica\/","title":{"rendered":"2026 Desktop Calendar Palau de la M\u00fasica"},"content":{"rendered":"","protected":false},"excerpt":{"rendered":"<p>Discover the Palau de la M\u00fasica Catalana by Llu\u00eds Dom\u00e8nech i Montaner, an architectural pearl of modernism and the only concert hall declared a World Heritage Site by UNESCO. <\/br><\/br>EAN:8424455260796 &#8211; S26PM<\/p>\n","protected":false},"featured_media":45327,"comment_status":"closed","ping_status":"open","template":"","meta":{"_acf_changed":false,"_monsterinsights_skip_tracking":false,"_monsterinsights_sitenote_active":false,"_monsterinsights_sitenote_note":"","_monsterinsights_sitenote_category":0},"product_brand":[],"product_cat":[1864],"product_tag":[],"class_list":{"0":"post-45587","1":"product","2":"type-product","3":"status-publish","4":"has-post-thumbnail","6":"product_cat-square-table","8":"first","9":"instock","10":"purchasable","11":"product-type-simple"},"acf":[],"_links":{"self":[{"href":"https:\/\/triangle.cat\/en\/wp-json\/wp\/v2\/product\/45587","targetHints":{"allow":["GET"]}}],"collection":[{"href":"https:\/\/triangle.cat\/en\/wp-json\/wp\/v2\/product"}],"about":[{"href":"https:\/\/triangle.cat\/en\/wp-json\/wp\/v2\/types\/product"}],"replies":[{"embeddable":true,"href":"https:\/\/triangle.cat\/en\/wp-json\/wp\/v2\/comments?post=45587"}],"wp:featuredmedia":[{"embeddable":true,"href":"https:\/\/triangle.cat\/en\/wp-json\/wp\/v2\/media\/45327"}],"wp:attachment":[{"href":"https:\/\/triangle.cat\/en\/wp-json\/wp\/v2\/media?parent=45587"}],"wp:term":[{"taxonomy":"product_brand","embeddable":true,"href":"https:\/\/triangle.cat\/en\/wp-json\/wp\/v2\/product_brand?post=45587"},{"taxonomy":"product_cat","embeddable":true,"href":"https:\/\/triangle.cat\/en\/wp-json\/wp\/v2\/product_cat?post=45587"},{"taxonomy":"product_tag","embeddable":true,"href":"https:\/\/triangle.cat\/en\/wp-json\/wp\/v2\/product_tag?post=45587"}],"curies":[{"name":"wp","href":"https:\/\/api.w.org\/{rel}","templated":true}]}}