
{"id":42261,"date":"2023-02-13T21:32:16","date_gmt":"2023-02-13T21:32:16","guid":{"rendered":"https:\/\/triangle.cat\/producto\/gaudi-i-el-trencadis-modernista\/"},"modified":"2025-05-21T14:10:32","modified_gmt":"2025-05-21T12:10:32","slug":"gaudi-i-el-trencadis-modernista","status":"publish","type":"product","link":"https:\/\/triangle.cat\/en\/producto\/gaudi-i-el-trencadis-modernista\/","title":{"rendered":"Gaud\u00ed and trencad\u00eds mosaic"},"content":{"rendered":"","protected":false},"excerpt":{"rendered":"<p>Trencad\u00eds mosaic is one of the hallmarks of the Catalan Art Nouveau movement and of Gau-di\u2019s architecture. Without it, it wouldn\u2019t be possible to recognize the famous bench in the Park G\u00fcell or the fa\u00e7ade of Casa Batll\u00f3, for instance.<\/p>\n<p>This book takes the reader on a step-by-step journey, going through all of Gaudi\u2019s works where he used this technique, ex-plaining the historical and cultural background of the architect; the different techniques of the older brother of trencad\u00eds, the classical mosaic and the Arab world; as well as the different materials used by Gaudi to make trencad\u00eds and its functionality.<\/p>\n","protected":false},"featured_media":30799,"comment_status":"closed","ping_status":"closed","template":"","meta":{"_acf_changed":false,"_monsterinsights_skip_tracking":false,"_monsterinsights_sitenote_active":false,"_monsterinsights_sitenote_note":"","_monsterinsights_sitenote_category":0},"product_brand":[],"product_cat":[1556,1535],"product_tag":[],"class_list":{"0":"post-42261","1":"product","2":"type-product","3":"status-publish","4":"has-post-thumbnail","6":"product_cat-antoni-gaudi-en","7":"product_cat-art-architecture-en","8":"pa_idioma-catalan-en","9":"pa_idioma-english-en-2","10":"pa_idioma-espanol-en","12":"first","13":"instock","14":"taxable","15":"shipping-taxable","16":"purchasable","17":"product-type-variable"},"acf":[],"_links":{"self":[{"href":"https:\/\/triangle.cat\/en\/wp-json\/wp\/v2\/product\/42261","targetHints":{"allow":["GET"]}}],"collection":[{"href":"https:\/\/triangle.cat\/en\/wp-json\/wp\/v2\/product"}],"about":[{"href":"https:\/\/triangle.cat\/en\/wp-json\/wp\/v2\/types\/product"}],"replies":[{"embeddable":true,"href":"https:\/\/triangle.cat\/en\/wp-json\/wp\/v2\/comments?post=42261"}],"wp:featuredmedia":[{"embeddable":true,"href":"https:\/\/triangle.cat\/en\/wp-json\/wp\/v2\/media\/30799"}],"wp:attachment":[{"href":"https:\/\/triangle.cat\/en\/wp-json\/wp\/v2\/media?parent=42261"}],"wp:term":[{"taxonomy":"product_brand","embeddable":true,"href":"https:\/\/triangle.cat\/en\/wp-json\/wp\/v2\/product_brand?post=42261"},{"taxonomy":"product_cat","embeddable":true,"href":"https:\/\/triangle.cat\/en\/wp-json\/wp\/v2\/product_cat?post=42261"},{"taxonomy":"product_tag","embeddable":true,"href":"https:\/\/triangle.cat\/en\/wp-json\/wp\/v2\/product_tag?post=42261"}],"curies":[{"name":"wp","href":"https:\/\/api.w.org\/{rel}","templated":true}]}}