
{"id":42008,"date":"2024-11-11T13:53:12","date_gmt":"2024-11-11T11:53:12","guid":{"rendered":"https:\/\/triangle.cat\/producto\/barcelona-17-2\/"},"modified":"2025-07-08T11:43:18","modified_gmt":"2025-07-08T09:43:18","slug":"barcelona-17en","status":"publish","type":"product","link":"https:\/\/triangle.cat\/en\/producto\/barcelona-17en\/","title":{"rendered":"Barcelona"},"content":{"rendered":"","protected":false},"excerpt":{"rendered":"<p>The universal genius of Mir\u00f3, Dal\u00ed, Gaud\u00ed and Picasso was forged in Barcelona. An attractive tour of its urban landscape, with comments by famous artists and visitors gives perfect dose of cosmopolitanism.<\/p>\n<p>Preface by Carlos Zan\u00f3n. Include fold-out panoramic photos.<\/p>\n","protected":false},"featured_media":41951,"comment_status":"closed","ping_status":"closed","template":"","meta":{"_acf_changed":false,"_monsterinsights_skip_tracking":false,"_monsterinsights_sitenote_active":false,"_monsterinsights_sitenote_note":"","_monsterinsights_sitenote_category":0},"product_brand":[],"product_cat":[1458,1538,1530],"product_tag":[],"class_list":{"0":"post-42008","1":"product","2":"type-product","3":"status-publish","4":"has-post-thumbnail","6":"product_cat-un-categorize","7":"product_cat-barcelona-en-2","8":"product_cat-books","9":"pa_idioma-multilingue-espanol-english-catala-francais-deutsch-en","11":"first","12":"instock","13":"taxable","14":"shipping-taxable","15":"purchasable","16":"product-type-variable"},"acf":[],"_links":{"self":[{"href":"https:\/\/triangle.cat\/en\/wp-json\/wp\/v2\/product\/42008","targetHints":{"allow":["GET"]}}],"collection":[{"href":"https:\/\/triangle.cat\/en\/wp-json\/wp\/v2\/product"}],"about":[{"href":"https:\/\/triangle.cat\/en\/wp-json\/wp\/v2\/types\/product"}],"replies":[{"embeddable":true,"href":"https:\/\/triangle.cat\/en\/wp-json\/wp\/v2\/comments?post=42008"}],"wp:featuredmedia":[{"embeddable":true,"href":"https:\/\/triangle.cat\/en\/wp-json\/wp\/v2\/media\/41951"}],"wp:attachment":[{"href":"https:\/\/triangle.cat\/en\/wp-json\/wp\/v2\/media?parent=42008"}],"wp:term":[{"taxonomy":"product_brand","embeddable":true,"href":"https:\/\/triangle.cat\/en\/wp-json\/wp\/v2\/product_brand?post=42008"},{"taxonomy":"product_cat","embeddable":true,"href":"https:\/\/triangle.cat\/en\/wp-json\/wp\/v2\/product_cat?post=42008"},{"taxonomy":"product_tag","embeddable":true,"href":"https:\/\/triangle.cat\/en\/wp-json\/wp\/v2\/product_tag?post=42008"}],"curies":[{"name":"wp","href":"https:\/\/api.w.org\/{rel}","templated":true}]}}