
{"id":40485,"date":"2024-07-05T17:50:37","date_gmt":"2024-07-05T15:50:37","guid":{"rendered":"https:\/\/triangle.cat\/producto\/mala-mar\/"},"modified":"2025-02-28T14:37:23","modified_gmt":"2025-02-28T12:37:23","slug":"mala-mar","status":"publish","type":"product","link":"https:\/\/triangle.cat\/en\/producto\/mala-mar\/","title":{"rendered":"Mala mar"},"content":{"rendered":"","protected":false},"excerpt":{"rendered":"<p>Aquest far podria ser casa nostra. I aquesta mala mar ens \u00e9s familiar. I \u00e9s que tothom sap que despr\u00e9s de la tempesta sempre arriba la calma. O no\u2026<\/p>\n<p>&nbsp;<\/p>\n<p><img loading=\"lazy\" decoding=\"async\" class=\"alignnone wp-image-41548\" src=\"https:\/\/triangle.cat\/wp-content\/uploads\/2024\/07\/IEC.png\" alt=\"\" width=\"258\" height=\"62\" srcset=\"https:\/\/triangle.cat\/wp-content\/uploads\/2024\/07\/IEC.png 524w, https:\/\/triangle.cat\/wp-content\/uploads\/2024\/07\/IEC-450x108.png 450w\" sizes=\"auto, (max-width: 258px) 100vw, 258px\" \/><\/p>\n","protected":false},"featured_media":40468,"comment_status":"closed","ping_status":"closed","template":"","meta":{"_acf_changed":false,"_monsterinsights_skip_tracking":false,"_monsterinsights_sitenote_active":false,"_monsterinsights_sitenote_note":"","_monsterinsights_sitenote_category":0},"product_brand":[],"product_cat":[1562,1911],"product_tag":[],"class_list":{"0":"post-40485","1":"product","2":"type-product","3":"status-publish","4":"has-post-thumbnail","6":"product_cat-childrens-books","7":"product_cat-llibres-infantils-en","8":"pa_idioma-catalan-en","10":"first","11":"instock","12":"taxable","13":"shipping-taxable","14":"purchasable","15":"product-type-variable"},"acf":[],"_links":{"self":[{"href":"https:\/\/triangle.cat\/en\/wp-json\/wp\/v2\/product\/40485","targetHints":{"allow":["GET"]}}],"collection":[{"href":"https:\/\/triangle.cat\/en\/wp-json\/wp\/v2\/product"}],"about":[{"href":"https:\/\/triangle.cat\/en\/wp-json\/wp\/v2\/types\/product"}],"replies":[{"embeddable":true,"href":"https:\/\/triangle.cat\/en\/wp-json\/wp\/v2\/comments?post=40485"}],"wp:featuredmedia":[{"embeddable":true,"href":"https:\/\/triangle.cat\/en\/wp-json\/wp\/v2\/media\/40468"}],"wp:attachment":[{"href":"https:\/\/triangle.cat\/en\/wp-json\/wp\/v2\/media?parent=40485"}],"wp:term":[{"taxonomy":"product_brand","embeddable":true,"href":"https:\/\/triangle.cat\/en\/wp-json\/wp\/v2\/product_brand?post=40485"},{"taxonomy":"product_cat","embeddable":true,"href":"https:\/\/triangle.cat\/en\/wp-json\/wp\/v2\/product_cat?post=40485"},{"taxonomy":"product_tag","embeddable":true,"href":"https:\/\/triangle.cat\/en\/wp-json\/wp\/v2\/product_tag?post=40485"}],"curies":[{"name":"wp","href":"https:\/\/api.w.org\/{rel}","templated":true}]}}