
{"id":32904,"date":"2023-07-27T15:18:49","date_gmt":"2023-08-04T16:11:12","guid":{"rendered":"https:\/\/www.triangle.cat\/producto\/the-great-crossings-of-catalonia-vol-1\/"},"modified":"2023-08-04T18:36:02","modified_gmt":"2023-08-04T16:36:02","slug":"the-great-crossings-of-catalonia-vol-1","status":"publish","type":"product","link":"https:\/\/triangle.cat\/en\/producto\/the-great-crossings-of-catalonia-vol-1\/","title":{"rendered":"The great Crossings of Catalonia. Vol 1"},"content":{"rendered":"","protected":false},"excerpt":{"rendered":"<p>The first volume is devoted to the high Pyrenean mountain: the routes described go through the National Park of Aig\u00fcestortes i Sant Maurici, by the Val d\u2019Aran and Ari\u00e8ge, Cad\u00ed-Moixer\u00f3, the massif of Pedraforca and the pilgrim paths of the Vall de N\u00faria. Good walking!<\/p>\n","protected":false},"featured_media":31687,"comment_status":"closed","ping_status":"closed","template":"","meta":{"_acf_changed":false,"_monsterinsights_skip_tracking":false,"_monsterinsights_sitenote_active":false,"_monsterinsights_sitenote_note":"","_monsterinsights_sitenote_category":0},"product_brand":[],"product_cat":[1502,1541,1520],"product_tag":[304],"class_list":{"0":"post-32904","1":"product","2":"type-product","3":"status-publish","4":"has-post-thumbnail","6":"product_cat-catalonia-en","7":"product_cat-catalonia","8":"product_cat-hiking-biking","9":"product_tag-catalan-en","10":"pa_idioma-catalan-en","12":"first","13":"instock","14":"taxable","15":"shipping-taxable","16":"purchasable","17":"product-type-simple"},"acf":[],"_links":{"self":[{"href":"https:\/\/triangle.cat\/en\/wp-json\/wp\/v2\/product\/32904","targetHints":{"allow":["GET"]}}],"collection":[{"href":"https:\/\/triangle.cat\/en\/wp-json\/wp\/v2\/product"}],"about":[{"href":"https:\/\/triangle.cat\/en\/wp-json\/wp\/v2\/types\/product"}],"replies":[{"embeddable":true,"href":"https:\/\/triangle.cat\/en\/wp-json\/wp\/v2\/comments?post=32904"}],"wp:featuredmedia":[{"embeddable":true,"href":"https:\/\/triangle.cat\/en\/wp-json\/wp\/v2\/media\/31687"}],"wp:attachment":[{"href":"https:\/\/triangle.cat\/en\/wp-json\/wp\/v2\/media?parent=32904"}],"wp:term":[{"taxonomy":"product_brand","embeddable":true,"href":"https:\/\/triangle.cat\/en\/wp-json\/wp\/v2\/product_brand?post=32904"},{"taxonomy":"product_cat","embeddable":true,"href":"https:\/\/triangle.cat\/en\/wp-json\/wp\/v2\/product_cat?post=32904"},{"taxonomy":"product_tag","embeddable":true,"href":"https:\/\/triangle.cat\/en\/wp-json\/wp\/v2\/product_tag?post=32904"}],"curies":[{"name":"wp","href":"https:\/\/api.w.org\/{rel}","templated":true}]}}