
{"id":32436,"date":"2023-08-07T16:45:18","date_gmt":"2023-08-02T21:39:07","guid":{"rendered":"https:\/\/www.triangle.cat\/producto\/lluis-domenech-i-montaner-2\/"},"modified":"2025-02-27T20:51:57","modified_gmt":"2025-02-27T18:51:57","slug":"lluis-domenech-i-montaner","status":"publish","type":"product","link":"https:\/\/triangle.cat\/en\/producto\/lluis-domenech-i-montaner\/","title":{"rendered":"Llu\u00eds Dom\u00e8nech i Montaner"},"content":{"rendered":"","protected":false},"excerpt":{"rendered":"<p>In the year of the centenary of the death of Llu\u00eds Dom\u00e8nech i Montaner, Triangle Books has brought together in one book the best specialists on Dom\u00e8nech in general and on its buildings in particular to understand the multifaceted personality and interpret the work of a major architect in the history of European Art. The book begins with introductory articles that present the architect in the context of the European Art Nouveau and explain his different facets: civic, political, academic&#8230; and continues with the monographs of his buildings, from the Editorial Montaner i Simon (1979-1881) to the Casa Fuster (1908-1911) or the Palau de la M\u00fasica or the Hospital de Sant Pau, both World Heritage Sites.<\/p>\n","protected":false},"featured_media":35388,"comment_status":"closed","ping_status":"closed","template":"","meta":{"_acf_changed":false,"_monsterinsights_skip_tracking":false,"_monsterinsights_sitenote_active":false,"_monsterinsights_sitenote_note":"","_monsterinsights_sitenote_category":0},"product_brand":[],"product_cat":[1535,1538,1541],"product_tag":[],"class_list":{"0":"post-32436","1":"product","2":"type-product","3":"status-publish","4":"has-post-thumbnail","6":"product_cat-art-architecture-en","7":"product_cat-barcelona-en-2","8":"product_cat-catalonia","9":"pa_idioma-catalan-en","10":"pa_idioma-english-en","11":"pa_idioma-espanol-en","12":"pa_idioma-francais-en","14":"first","15":"instock","16":"taxable","17":"shipping-taxable","18":"purchasable","19":"product-type-variable"},"acf":[],"_links":{"self":[{"href":"https:\/\/triangle.cat\/en\/wp-json\/wp\/v2\/product\/32436","targetHints":{"allow":["GET"]}}],"collection":[{"href":"https:\/\/triangle.cat\/en\/wp-json\/wp\/v2\/product"}],"about":[{"href":"https:\/\/triangle.cat\/en\/wp-json\/wp\/v2\/types\/product"}],"replies":[{"embeddable":true,"href":"https:\/\/triangle.cat\/en\/wp-json\/wp\/v2\/comments?post=32436"}],"wp:featuredmedia":[{"embeddable":true,"href":"https:\/\/triangle.cat\/en\/wp-json\/wp\/v2\/media\/35388"}],"wp:attachment":[{"href":"https:\/\/triangle.cat\/en\/wp-json\/wp\/v2\/media?parent=32436"}],"wp:term":[{"taxonomy":"product_brand","embeddable":true,"href":"https:\/\/triangle.cat\/en\/wp-json\/wp\/v2\/product_brand?post=32436"},{"taxonomy":"product_cat","embeddable":true,"href":"https:\/\/triangle.cat\/en\/wp-json\/wp\/v2\/product_cat?post=32436"},{"taxonomy":"product_tag","embeddable":true,"href":"https:\/\/triangle.cat\/en\/wp-json\/wp\/v2\/product_tag?post=32436"}],"curies":[{"name":"wp","href":"https:\/\/api.w.org\/{rel}","templated":true}]}}