
{"id":29203,"date":"2023-02-14T08:17:22","date_gmt":"2023-02-14T09:04:22","guid":{"rendered":"https:\/\/www.triangleeditorial.com\/producto\/menorca-7\/"},"modified":"2023-02-14T09:04:37","modified_gmt":"2023-02-14T09:04:37","slug":"menorca-7","status":"publish","type":"product","link":"https:\/\/triangle.cat\/en\/producto\/menorca-7\/","title":{"rendered":"Menorca"},"content":{"rendered":"","protected":false},"excerpt":{"rendered":"<p>What was Menorca like in the 1960s? Photographer Toni Vidal shows us a series of black and white photos that capture to perfection the life, culture and landscape of the island. The poets Joan Perucho, Miquel Mart\u00ed i Pol, Jos\u00e9 Corredor-Matheos, \u00c0lex Susanna, Miquel Desclot and Benet Rosell evoke its unique beauty.<\/p>\n","protected":false},"featured_media":16969,"comment_status":"closed","ping_status":"closed","template":"","meta":{"_acf_changed":false,"_monsterinsights_skip_tracking":false,"_monsterinsights_sitenote_active":false,"_monsterinsights_sitenote_note":"","_monsterinsights_sitenote_category":0},"product_brand":[],"product_cat":[1571,1554],"product_tag":[304],"class_list":{"0":"post-29203","1":"product","2":"type-product","3":"status-publish","4":"has-post-thumbnail","6":"product_cat-minorca","7":"product_cat-photography-design","8":"product_tag-catalan-en","9":"pa_idioma-catalan-en","11":"first","12":"outofstock","13":"taxable","14":"shipping-taxable","15":"purchasable","16":"product-type-variable","17":"has-default-attributes"},"acf":[],"_links":{"self":[{"href":"https:\/\/triangle.cat\/en\/wp-json\/wp\/v2\/product\/29203","targetHints":{"allow":["GET"]}}],"collection":[{"href":"https:\/\/triangle.cat\/en\/wp-json\/wp\/v2\/product"}],"about":[{"href":"https:\/\/triangle.cat\/en\/wp-json\/wp\/v2\/types\/product"}],"replies":[{"embeddable":true,"href":"https:\/\/triangle.cat\/en\/wp-json\/wp\/v2\/comments?post=29203"}],"wp:featuredmedia":[{"embeddable":true,"href":"https:\/\/triangle.cat\/en\/wp-json\/wp\/v2\/media\/16969"}],"wp:attachment":[{"href":"https:\/\/triangle.cat\/en\/wp-json\/wp\/v2\/media?parent=29203"}],"wp:term":[{"taxonomy":"product_brand","embeddable":true,"href":"https:\/\/triangle.cat\/en\/wp-json\/wp\/v2\/product_brand?post=29203"},{"taxonomy":"product_cat","embeddable":true,"href":"https:\/\/triangle.cat\/en\/wp-json\/wp\/v2\/product_cat?post=29203"},{"taxonomy":"product_tag","embeddable":true,"href":"https:\/\/triangle.cat\/en\/wp-json\/wp\/v2\/product_tag?post=29203"}],"curies":[{"name":"wp","href":"https:\/\/api.w.org\/{rel}","templated":true}]}}