
{"id":29102,"date":"2023-02-14T07:49:05","date_gmt":"2023-02-14T08:37:45","guid":{"rendered":"https:\/\/www.triangleeditorial.com\/producto\/palau-de-la-musica-catalana-2\/"},"modified":"2023-02-14T08:38:30","modified_gmt":"2023-02-14T08:38:30","slug":"palau-de-la-musica-catalana-2","status":"publish","type":"product","link":"https:\/\/triangle.cat\/en\/producto\/palau-de-la-musica-catalana-2\/","title":{"rendered":"Palau de la M\u00fasica Catalana"},"content":{"rendered":"","protected":false},"excerpt":{"rendered":"<p>The architectural work of Llu\u00eds Dom\u00e8nech i Montaner culminates in the Palau de la M\u00fasica Catalana, a Modernist jewel and musical centre of Barcelona since 1908. If its fa\u00e7ade is stunning, the concert hall, with its curious structure of temple and theatre, is one of the most beautiful in the world.<\/p>\n","protected":false},"featured_media":7840,"comment_status":"closed","ping_status":"closed","template":"","meta":{"_acf_changed":false,"_monsterinsights_skip_tracking":false,"_monsterinsights_sitenote_active":false,"_monsterinsights_sitenote_note":"","_monsterinsights_sitenote_category":0},"product_brand":[],"product_cat":[1535,1538],"product_tag":[304,314,1006,989,321,308],"class_list":{"0":"post-29102","1":"product","2":"type-product","3":"status-publish","4":"has-post-thumbnail","6":"product_cat-art-architecture-en","7":"product_cat-barcelona-en-2","8":"product_tag-catalan-en","9":"product_tag-english","10":"product_tag-french-en","11":"product_tag-german-en","12":"product_tag-italian","13":"product_tag-spanish","14":"pa_idioma-catalan-en","15":"pa_idioma-deutsch-en","16":"pa_idioma-english-en","17":"pa_idioma-espanol-en","18":"pa_idioma-francais-en","19":"pa_idioma-italiano-en","21":"first","22":"instock","23":"taxable","24":"shipping-taxable","25":"purchasable","26":"product-type-variable","27":"has-default-attributes"},"acf":[],"_links":{"self":[{"href":"https:\/\/triangle.cat\/en\/wp-json\/wp\/v2\/product\/29102","targetHints":{"allow":["GET"]}}],"collection":[{"href":"https:\/\/triangle.cat\/en\/wp-json\/wp\/v2\/product"}],"about":[{"href":"https:\/\/triangle.cat\/en\/wp-json\/wp\/v2\/types\/product"}],"replies":[{"embeddable":true,"href":"https:\/\/triangle.cat\/en\/wp-json\/wp\/v2\/comments?post=29102"}],"wp:featuredmedia":[{"embeddable":true,"href":"https:\/\/triangle.cat\/en\/wp-json\/wp\/v2\/media\/7840"}],"wp:attachment":[{"href":"https:\/\/triangle.cat\/en\/wp-json\/wp\/v2\/media?parent=29102"}],"wp:term":[{"taxonomy":"product_brand","embeddable":true,"href":"https:\/\/triangle.cat\/en\/wp-json\/wp\/v2\/product_brand?post=29102"},{"taxonomy":"product_cat","embeddable":true,"href":"https:\/\/triangle.cat\/en\/wp-json\/wp\/v2\/product_cat?post=29102"},{"taxonomy":"product_tag","embeddable":true,"href":"https:\/\/triangle.cat\/en\/wp-json\/wp\/v2\/product_tag?post=29102"}],"curies":[{"name":"wp","href":"https:\/\/api.w.org\/{rel}","templated":true}]}}