
{"id":27592,"date":"2023-02-13T20:11:09","date_gmt":"2023-02-13T20:11:09","guid":{"rendered":"https:\/\/www.triangleeditorial.com\/producto\/color-map-barcelona\/"},"modified":"2023-03-06T11:46:10","modified_gmt":"2023-03-06T11:46:10","slug":"color-map-barcelona","status":"publish","type":"product","link":"https:\/\/triangle.cat\/en\/producto\/color-map-barcelona\/","title":{"rendered":"Color map Barcelona"},"content":{"rendered":"","protected":false},"excerpt":{"rendered":"<p>Color the city of Gaud\u00ed and Bar\u00e7a! A large-format map so that children (and not so children), alone or accompanied, can bathe on the city&#8217;s beaches; visit Gaud\u00ed&#8217;s best buildings: the Sagrada Familia, Casa Batll\u00f3 or La Pedrera; go up to the attractions of Tibidabo; go to the Bar\u00e7a field; see the zoo animals; get lost in the streets of the old city: the Gothic quarter, the Raval and the Barceloneta; and photograph the Magic Fountain of Montju\u00efc. To enjoy during the trip and remember it later.<\/p>\n","protected":false},"featured_media":30121,"comment_status":"closed","ping_status":"closed","template":"","meta":{"_acf_changed":false,"_monsterinsights_skip_tracking":false,"_monsterinsights_sitenote_active":false,"_monsterinsights_sitenote_note":"","_monsterinsights_sitenote_category":0},"product_brand":[],"product_cat":[1562,1911],"product_tag":[],"class_list":{"0":"post-27592","1":"product","2":"type-product","3":"status-publish","4":"has-post-thumbnail","6":"product_cat-childrens-books","7":"product_cat-llibres-infantils-en","8":"pa_idioma-multilingual-catala-espanol-english-francais-deutsch-italiano","10":"first","11":"instock","12":"taxable","13":"shipping-taxable","14":"purchasable","15":"product-type-variable","16":"has-default-attributes"},"acf":[],"_links":{"self":[{"href":"https:\/\/triangle.cat\/en\/wp-json\/wp\/v2\/product\/27592","targetHints":{"allow":["GET"]}}],"collection":[{"href":"https:\/\/triangle.cat\/en\/wp-json\/wp\/v2\/product"}],"about":[{"href":"https:\/\/triangle.cat\/en\/wp-json\/wp\/v2\/types\/product"}],"replies":[{"embeddable":true,"href":"https:\/\/triangle.cat\/en\/wp-json\/wp\/v2\/comments?post=27592"}],"wp:featuredmedia":[{"embeddable":true,"href":"https:\/\/triangle.cat\/en\/wp-json\/wp\/v2\/media\/30121"}],"wp:attachment":[{"href":"https:\/\/triangle.cat\/en\/wp-json\/wp\/v2\/media?parent=27592"}],"wp:term":[{"taxonomy":"product_brand","embeddable":true,"href":"https:\/\/triangle.cat\/en\/wp-json\/wp\/v2\/product_brand?post=27592"},{"taxonomy":"product_cat","embeddable":true,"href":"https:\/\/triangle.cat\/en\/wp-json\/wp\/v2\/product_cat?post=27592"},{"taxonomy":"product_tag","embeddable":true,"href":"https:\/\/triangle.cat\/en\/wp-json\/wp\/v2\/product_tag?post=27592"}],"curies":[{"name":"wp","href":"https:\/\/api.w.org\/{rel}","templated":true}]}}