
{"id":27566,"date":"2023-02-13T20:04:42","date_gmt":"2023-02-13T20:49:09","guid":{"rendered":"https:\/\/www.triangleeditorial.com\/producto\/basilica-of-the-sagrada-familia\/"},"modified":"2023-02-15T10:56:37","modified_gmt":"2023-02-15T10:56:37","slug":"basilica-of-the-sagrada-familia","status":"publish","type":"product","link":"https:\/\/triangle.cat\/en\/producto\/basilica-of-the-sagrada-familia\/","title":{"rendered":"Basilica of the Sagrada Fam\u00edlia"},"content":{"rendered":"","protected":false},"excerpt":{"rendered":"<p>This guide offers a detailed explanation of the iconography and symbolism behind each of the scenes represented on the two main fa\u00e7ades of the Sagrada Fam\u00edlia, the Nativity Fa\u00e7ade and the Passion Fa\u00e7ade, both of which have many details that are full of allegories and mysticism.<\/p>\n","protected":false},"featured_media":27076,"comment_status":"closed","ping_status":"closed","template":"","meta":{"_acf_changed":false,"_monsterinsights_skip_tracking":false,"_monsterinsights_sitenote_active":false,"_monsterinsights_sitenote_note":"","_monsterinsights_sitenote_category":0},"product_brand":[],"product_cat":[1556,1538,1499,1514],"product_tag":[304,1090,314,1006,989,321,977,1087,308],"class_list":{"0":"post-27566","1":"product","2":"type-product","3":"status-publish","4":"has-post-thumbnail","6":"product_cat-antoni-gaudi-en","7":"product_cat-barcelona-en-2","8":"product_cat-barcelona-en","9":"product_cat-maps","10":"product_tag-catalan-en","11":"product_tag-chinese-en","12":"product_tag-english","13":"product_tag-french-en","14":"product_tag-german-en","15":"product_tag-italian","16":"product_tag-korean-en-2","17":"product_tag-russian-en","18":"product_tag-spanish","19":"pa_idioma-catalan-en","20":"pa_idioma-deutsch-en","21":"pa_idioma-english-en","22":"pa_idioma-espanol-en","23":"pa_idioma-italiano-en","24":"pa_idioma--en","27":"first","28":"instock","29":"taxable","30":"shipping-taxable","31":"purchasable","32":"product-type-variable","33":"has-default-attributes"},"acf":[],"_links":{"self":[{"href":"https:\/\/triangle.cat\/en\/wp-json\/wp\/v2\/product\/27566","targetHints":{"allow":["GET"]}}],"collection":[{"href":"https:\/\/triangle.cat\/en\/wp-json\/wp\/v2\/product"}],"about":[{"href":"https:\/\/triangle.cat\/en\/wp-json\/wp\/v2\/types\/product"}],"replies":[{"embeddable":true,"href":"https:\/\/triangle.cat\/en\/wp-json\/wp\/v2\/comments?post=27566"}],"wp:featuredmedia":[{"embeddable":true,"href":"https:\/\/triangle.cat\/en\/wp-json\/wp\/v2\/media\/27076"}],"wp:attachment":[{"href":"https:\/\/triangle.cat\/en\/wp-json\/wp\/v2\/media?parent=27566"}],"wp:term":[{"taxonomy":"product_brand","embeddable":true,"href":"https:\/\/triangle.cat\/en\/wp-json\/wp\/v2\/product_brand?post=27566"},{"taxonomy":"product_cat","embeddable":true,"href":"https:\/\/triangle.cat\/en\/wp-json\/wp\/v2\/product_cat?post=27566"},{"taxonomy":"product_tag","embeddable":true,"href":"https:\/\/triangle.cat\/en\/wp-json\/wp\/v2\/product_tag?post=27566"}],"curies":[{"name":"wp","href":"https:\/\/api.w.org\/{rel}","templated":true}]}}