
{"id":27517,"date":"2023-02-13T19:56:14","date_gmt":"2023-02-13T20:39:20","guid":{"rendered":"https:\/\/www.triangleeditorial.com\/producto\/casa-maso\/"},"modified":"2025-02-27T20:51:57","modified_gmt":"2025-02-27T18:51:57","slug":"casa-maso","status":"publish","type":"product","link":"https:\/\/triangle.cat\/en\/producto\/casa-maso\/","title":{"rendered":"Casa Mas\u00f3"},"content":{"rendered":"","protected":false},"excerpt":{"rendered":"<p>Casa Mas\u00f3 is the house where Rafael Mas\u00f3 (1880-1935) was born, one of the most important works of his architecture and the only one of the iconic houses over the river in Girona that is open to the public. The house still has all the furniture and decorations from the noucentista times and offers some unique views over the city. The book, besides a tour around the inside of this house, also includes articles on the history of the Mas\u00f3 family and the works this architect did on his house.<\/p>\n","protected":false},"featured_media":7705,"comment_status":"closed","ping_status":"closed","template":"","meta":{"_acf_changed":false,"_monsterinsights_skip_tracking":false,"_monsterinsights_sitenote_active":false,"_monsterinsights_sitenote_note":"","_monsterinsights_sitenote_category":0},"product_brand":[],"product_cat":[1535,1559],"product_tag":[304,314,1006,308],"class_list":{"0":"post-27517","1":"product","2":"type-product","3":"status-publish","4":"has-post-thumbnail","6":"product_cat-art-architecture-en","7":"product_cat-girona-costa-brava-en","8":"product_tag-catalan-en","9":"product_tag-english","10":"product_tag-french-en","11":"product_tag-spanish","12":"pa_idioma-catalan-en","13":"pa_idioma-english-en","14":"pa_idioma-espanol-en","15":"pa_idioma-francais-en","17":"first","18":"instock","19":"taxable","20":"shipping-taxable","21":"purchasable","22":"product-type-variable","23":"has-default-attributes"},"acf":[],"_links":{"self":[{"href":"https:\/\/triangle.cat\/en\/wp-json\/wp\/v2\/product\/27517","targetHints":{"allow":["GET"]}}],"collection":[{"href":"https:\/\/triangle.cat\/en\/wp-json\/wp\/v2\/product"}],"about":[{"href":"https:\/\/triangle.cat\/en\/wp-json\/wp\/v2\/types\/product"}],"replies":[{"embeddable":true,"href":"https:\/\/triangle.cat\/en\/wp-json\/wp\/v2\/comments?post=27517"}],"wp:featuredmedia":[{"embeddable":true,"href":"https:\/\/triangle.cat\/en\/wp-json\/wp\/v2\/media\/7705"}],"wp:attachment":[{"href":"https:\/\/triangle.cat\/en\/wp-json\/wp\/v2\/media?parent=27517"}],"wp:term":[{"taxonomy":"product_brand","embeddable":true,"href":"https:\/\/triangle.cat\/en\/wp-json\/wp\/v2\/product_brand?post=27517"},{"taxonomy":"product_cat","embeddable":true,"href":"https:\/\/triangle.cat\/en\/wp-json\/wp\/v2\/product_cat?post=27517"},{"taxonomy":"product_tag","embeddable":true,"href":"https:\/\/triangle.cat\/en\/wp-json\/wp\/v2\/product_tag?post=27517"}],"curies":[{"name":"wp","href":"https:\/\/api.w.org\/{rel}","templated":true}]}}