
{"id":27499,"date":"2023-02-13T19:52:54","date_gmt":"2023-02-13T20:35:21","guid":{"rendered":"https:\/\/www.triangleeditorial.com\/producto\/dali-5\/"},"modified":"2025-07-02T23:08:20","modified_gmt":"2025-07-02T21:08:20","slug":"dali-5","status":"publish","type":"product","link":"https:\/\/triangle.cat\/en\/producto\/dali-5\/","title":{"rendered":"Dal\u00ed"},"content":{"rendered":"","protected":false},"excerpt":{"rendered":"<p>\u201cWhen designing jewels, as in all my art, I create what I love\u201d (Salvador Dal\u00ed). From 1941 to 1958 Dal\u00ed designed a collection of jewels and followed the whole creation process associated with Ertman and Alemany, two jewellers who had settled in New York. This collection, which will gradually come to include new jewels over the years, was in the hands of several different owners until 1999, when the Gala-Salvador Dal\u00ed Foundation decided to purchase it and put it on display in some of the rooms of the Dal\u00ed Theatre-Museum in Figueres, designed especially to host this collection. Now, Triangle Postals and the Gala-Salvador Dal\u00ed Foundation present the book Dal\u00ed Jewels, a carefully edited and detailed edition including texts by Dal\u00ed himself on his jewels.<\/p>\n","protected":false},"featured_media":21941,"comment_status":"closed","ping_status":"open","template":"","meta":{"_acf_changed":false,"_monsterinsights_skip_tracking":false,"_monsterinsights_sitenote_active":false,"_monsterinsights_sitenote_note":"","_monsterinsights_sitenote_category":0},"product_brand":[],"product_cat":[1496,1535,1559,1547],"product_tag":[304,314,1006,989,1093,1087,308],"class_list":{"0":"post-27499","1":"product","2":"type-product","3":"status-publish","4":"has-post-thumbnail","6":"product_cat-art-architecture","7":"product_cat-art-architecture-en","8":"product_cat-girona-costa-brava-en","9":"product_cat-salvador-dali-en","10":"product_tag-catalan-en","11":"product_tag-english","12":"product_tag-french-en","13":"product_tag-german-en","14":"product_tag-japanese-en","15":"product_tag-russian-en","16":"product_tag-spanish","17":"pa_idioma-catalan-en","18":"pa_idioma-deutsch-en","19":"pa_idioma-english-en","20":"pa_idioma-espanol-en","21":"pa_idioma-francais-en","22":"pa_idioma--en","25":"first","26":"instock","27":"taxable","28":"shipping-taxable","29":"purchasable","30":"product-type-variable","31":"has-default-attributes"},"acf":[],"_links":{"self":[{"href":"https:\/\/triangle.cat\/en\/wp-json\/wp\/v2\/product\/27499","targetHints":{"allow":["GET"]}}],"collection":[{"href":"https:\/\/triangle.cat\/en\/wp-json\/wp\/v2\/product"}],"about":[{"href":"https:\/\/triangle.cat\/en\/wp-json\/wp\/v2\/types\/product"}],"replies":[{"embeddable":true,"href":"https:\/\/triangle.cat\/en\/wp-json\/wp\/v2\/comments?post=27499"}],"wp:featuredmedia":[{"embeddable":true,"href":"https:\/\/triangle.cat\/en\/wp-json\/wp\/v2\/media\/21941"}],"wp:attachment":[{"href":"https:\/\/triangle.cat\/en\/wp-json\/wp\/v2\/media?parent=27499"}],"wp:term":[{"taxonomy":"product_brand","embeddable":true,"href":"https:\/\/triangle.cat\/en\/wp-json\/wp\/v2\/product_brand?post=27499"},{"taxonomy":"product_cat","embeddable":true,"href":"https:\/\/triangle.cat\/en\/wp-json\/wp\/v2\/product_cat?post=27499"},{"taxonomy":"product_tag","embeddable":true,"href":"https:\/\/triangle.cat\/en\/wp-json\/wp\/v2\/product_tag?post=27499"}],"curies":[{"name":"wp","href":"https:\/\/api.w.org\/{rel}","templated":true}]}}