
{"id":27497,"date":"2023-02-13T19:52:44","date_gmt":"2023-02-13T20:35:09","guid":{"rendered":"https:\/\/www.triangleeditorial.com\/producto\/illes-balears\/"},"modified":"2023-02-13T20:35:23","modified_gmt":"2023-02-13T20:35:23","slug":"illes-balears","status":"publish","type":"product","link":"https:\/\/triangle.cat\/en\/producto\/illes-balears\/","title":{"rendered":"Illes Balears"},"content":{"rendered":"","protected":false},"excerpt":{"rendered":"<p>Only a group of islanders mad about the islands could have concocted a book like this. The photographer Sebasti\u00e0 Torrens (Inca, 1964) and writers Miquel Ray\u00f3 (Palma, 1952), Pon\u00e7 Pons (Alaior, 1956), Jean Serra (El Biar, Algeria, 1952; the son of an exiled couple from Ibiza) and Antoni Vidal Ferrando (Santany\u00ed, 1945) have conjured up the four elements that in ancient times were believed to shape the world: air, earth, water and fire \/ light, showing us, through these elements, the nature and landscape of the Balearic Islands. The extraordinary photographs by Sebasti\u00e0 Torrens of the wildlife and landscape of Majorca, Minorca, Ibiza, Formentera and Cabrera, sometimes so delicate and other so striking, are a manifesto in favour of conserving a beauty that only human stupidity would dare to destroy. And Ray\u00f3, Pons, Serra and Vidal Ferrando, with their poetic texts that emerge as the fruit of their radical status of islanders, allow us to share and admire the deep and unconditional love they all feel for the Balearics.<\/p>\n","protected":false},"featured_media":16810,"comment_status":"closed","ping_status":"closed","template":"","meta":{"_acf_changed":false,"_monsterinsights_skip_tracking":false,"_monsterinsights_sitenote_active":false,"_monsterinsights_sitenote_note":"","_monsterinsights_sitenote_category":0},"product_brand":[],"product_cat":[1550,1568,1571,1554],"product_tag":[304,314,989,308],"class_list":{"0":"post-27497","1":"product","2":"type-product","3":"status-publish","4":"has-post-thumbnail","6":"product_cat-ibiza-formentera","7":"product_cat-majorca","8":"product_cat-minorca","9":"product_cat-photography-design","10":"product_tag-catalan-en","11":"product_tag-english","12":"product_tag-german-en","13":"product_tag-spanish","14":"pa_idioma-multilingual-catala-espanol-english-deutsch","16":"first","17":"instock","18":"taxable","19":"shipping-taxable","20":"purchasable","21":"product-type-variable","22":"has-default-attributes"},"acf":[],"_links":{"self":[{"href":"https:\/\/triangle.cat\/en\/wp-json\/wp\/v2\/product\/27497","targetHints":{"allow":["GET"]}}],"collection":[{"href":"https:\/\/triangle.cat\/en\/wp-json\/wp\/v2\/product"}],"about":[{"href":"https:\/\/triangle.cat\/en\/wp-json\/wp\/v2\/types\/product"}],"replies":[{"embeddable":true,"href":"https:\/\/triangle.cat\/en\/wp-json\/wp\/v2\/comments?post=27497"}],"wp:featuredmedia":[{"embeddable":true,"href":"https:\/\/triangle.cat\/en\/wp-json\/wp\/v2\/media\/16810"}],"wp:attachment":[{"href":"https:\/\/triangle.cat\/en\/wp-json\/wp\/v2\/media?parent=27497"}],"wp:term":[{"taxonomy":"product_brand","embeddable":true,"href":"https:\/\/triangle.cat\/en\/wp-json\/wp\/v2\/product_brand?post=27497"},{"taxonomy":"product_cat","embeddable":true,"href":"https:\/\/triangle.cat\/en\/wp-json\/wp\/v2\/product_cat?post=27497"},{"taxonomy":"product_tag","embeddable":true,"href":"https:\/\/triangle.cat\/en\/wp-json\/wp\/v2\/product_tag?post=27497"}],"curies":[{"name":"wp","href":"https:\/\/api.w.org\/{rel}","templated":true}]}}