
{"id":27492,"date":"2023-02-13T19:48:08","date_gmt":"2023-02-13T20:29:31","guid":{"rendered":"https:\/\/www.triangleeditorial.com\/producto\/gaudi-trencadis-mosaic\/"},"modified":"2023-08-02T12:45:35","modified_gmt":"2023-08-02T10:45:35","slug":"gaudi-trencadis-mosaic","status":"publish","type":"product","link":"https:\/\/triangle.cat\/en\/producto\/gaudi-trencadis-mosaic\/","title":{"rendered":"Gaud\u00ed &#038; Trencad\u00eds Mosaic"},"content":{"rendered":"","protected":false},"excerpt":{"rendered":"<p>Trencad\u00eds mosaic is one of the hallmarks of the Catalan Art Nouveau movement and of Gaudi\u2019s architecture. Without it, it wouldn\u2019t be possible to recognize the famous bench in the Park G\u00fcell or the fa\u00e7ade of Casa Batll\u00f3, for instance. This book takes the reader on a step-by-step journey, going through all of Gaudi\u2019s works where he used this technique, explaining the historical and cultural background of the architect; the different techniques of the older brother of trencad\u00eds, the classical mosaic and the Arab world; as well as the different materials used by Gaudi to make trencad\u00eds and its functionality.<\/p>\n","protected":false},"featured_media":17238,"comment_status":"closed","ping_status":"closed","template":"","meta":{"_acf_changed":false,"_monsterinsights_skip_tracking":false,"_monsterinsights_sitenote_active":false,"_monsterinsights_sitenote_note":"","_monsterinsights_sitenote_category":0},"product_brand":[],"product_cat":[1556,1535],"product_tag":[314,308],"class_list":{"0":"post-27492","1":"product","2":"type-product","3":"status-publish","4":"has-post-thumbnail","6":"product_cat-antoni-gaudi-en","7":"product_cat-art-architecture-en","8":"product_tag-english","9":"product_tag-spanish","10":"pa_idioma-multilingue-english-espanol-en","11":"pa_idioma-multilingue-espanol-english-en","13":"first","14":"instock","15":"taxable","16":"shipping-taxable","17":"purchasable","18":"product-type-variable","19":"has-default-attributes"},"acf":[],"_links":{"self":[{"href":"https:\/\/triangle.cat\/en\/wp-json\/wp\/v2\/product\/27492","targetHints":{"allow":["GET"]}}],"collection":[{"href":"https:\/\/triangle.cat\/en\/wp-json\/wp\/v2\/product"}],"about":[{"href":"https:\/\/triangle.cat\/en\/wp-json\/wp\/v2\/types\/product"}],"replies":[{"embeddable":true,"href":"https:\/\/triangle.cat\/en\/wp-json\/wp\/v2\/comments?post=27492"}],"wp:featuredmedia":[{"embeddable":true,"href":"https:\/\/triangle.cat\/en\/wp-json\/wp\/v2\/media\/17238"}],"wp:attachment":[{"href":"https:\/\/triangle.cat\/en\/wp-json\/wp\/v2\/media?parent=27492"}],"wp:term":[{"taxonomy":"product_brand","embeddable":true,"href":"https:\/\/triangle.cat\/en\/wp-json\/wp\/v2\/product_brand?post=27492"},{"taxonomy":"product_cat","embeddable":true,"href":"https:\/\/triangle.cat\/en\/wp-json\/wp\/v2\/product_cat?post=27492"},{"taxonomy":"product_tag","embeddable":true,"href":"https:\/\/triangle.cat\/en\/wp-json\/wp\/v2\/product_tag?post=27492"}],"curies":[{"name":"wp","href":"https:\/\/api.w.org\/{rel}","templated":true}]}}