
{"id":27451,"date":"2023-02-13T19:44:23","date_gmt":"2023-02-13T20:24:55","guid":{"rendered":"https:\/\/www.triangleeditorial.com\/producto\/gala-dali-castle\/"},"modified":"2024-06-08T16:00:23","modified_gmt":"2024-06-08T14:00:23","slug":"gala-dali-castle","status":"publish","type":"product","link":"https:\/\/triangle.cat\/en\/producto\/gala-dali-castle\/","title":{"rendered":"Gala Dal\u00ed Castle"},"content":{"rendered":"","protected":false},"excerpt":{"rendered":"<p>From what is known as the Dal\u00ed triangle, the castle of P\u00fabol is the most austere and is linked to the last creative stage of the artist. It is the place Dal\u00ed offered to his dame, as a tribute. A place of isolation, evocative of the past, with a proustian atmosphere, in a search for a lost world, and subjective projection. This guide on the House-Museum Gala Dal\u00ed Castle completes the trilogy written by Antoni Pitxot and Montse Aguer, with photographs by Jordi Puig, which started with the Dal\u00ed Theatre-Museum in Figueres and the Salvador Dal\u00ed House-Museum in Portlligat, dealing with the spaces where this outstanding artist from the Empord\u00e0 lived most of his daily life.<\/p>\n","protected":false},"featured_media":21910,"comment_status":"closed","ping_status":"open","template":"","meta":{"_acf_changed":false,"_monsterinsights_skip_tracking":false,"_monsterinsights_sitenote_active":false,"_monsterinsights_sitenote_note":"","_monsterinsights_sitenote_category":0},"product_brand":[],"product_cat":[1496,1502,1559,1547],"product_tag":[304,314,1006,989,321,1087,308],"class_list":{"0":"post-27451","1":"product","2":"type-product","3":"status-publish","4":"has-post-thumbnail","6":"product_cat-art-architecture","7":"product_cat-catalonia-en","8":"product_cat-girona-costa-brava-en","9":"product_cat-salvador-dali-en","10":"product_tag-catalan-en","11":"product_tag-english","12":"product_tag-french-en","13":"product_tag-german-en","14":"product_tag-italian","15":"product_tag-russian-en","16":"product_tag-spanish","17":"pa_idioma-catalan-en","18":"pa_idioma-deutsch-en","19":"pa_idioma-english-en","20":"pa_idioma-espanol-en","21":"pa_idioma-francais-en","22":"pa_idioma-italiano-en","23":"pa_idioma--en","25":"first","26":"instock","27":"taxable","28":"shipping-taxable","29":"purchasable","30":"product-type-variable","31":"has-default-attributes"},"acf":[],"_links":{"self":[{"href":"https:\/\/triangle.cat\/en\/wp-json\/wp\/v2\/product\/27451","targetHints":{"allow":["GET"]}}],"collection":[{"href":"https:\/\/triangle.cat\/en\/wp-json\/wp\/v2\/product"}],"about":[{"href":"https:\/\/triangle.cat\/en\/wp-json\/wp\/v2\/types\/product"}],"replies":[{"embeddable":true,"href":"https:\/\/triangle.cat\/en\/wp-json\/wp\/v2\/comments?post=27451"}],"wp:featuredmedia":[{"embeddable":true,"href":"https:\/\/triangle.cat\/en\/wp-json\/wp\/v2\/media\/21910"}],"wp:attachment":[{"href":"https:\/\/triangle.cat\/en\/wp-json\/wp\/v2\/media?parent=27451"}],"wp:term":[{"taxonomy":"product_brand","embeddable":true,"href":"https:\/\/triangle.cat\/en\/wp-json\/wp\/v2\/product_brand?post=27451"},{"taxonomy":"product_cat","embeddable":true,"href":"https:\/\/triangle.cat\/en\/wp-json\/wp\/v2\/product_cat?post=27451"},{"taxonomy":"product_tag","embeddable":true,"href":"https:\/\/triangle.cat\/en\/wp-json\/wp\/v2\/product_tag?post=27451"}],"curies":[{"name":"wp","href":"https:\/\/api.w.org\/{rel}","templated":true}]}}