
{"id":26123,"date":"2023-02-13T14:40:29","date_gmt":"2023-02-13T15:18:38","guid":{"rendered":"https:\/\/www.triangleeditorial.com\/producto\/park-guell\/"},"modified":"2023-02-13T15:19:26","modified_gmt":"2023-02-13T15:19:26","slug":"park-guell","status":"publish","type":"product","link":"https:\/\/triangle.cat\/en\/producto\/park-guell\/","title":{"rendered":"Park G\u00fcell"},"content":{"rendered":"","protected":false},"excerpt":{"rendered":"<p>Atenci\u00f3 tradu feta amb GOOGLE We propose a visit to a magical world of dreams and beauty: a park of legend! The Park G\u00fcell Guide is a complete, detailed and orderly tour of this extraordinary work by Antoni Gaud\u00ed. Numerous commented photographs, historical data, descriptions of artistic contributions advanced in their time and their symbolic value, curiosities, &#8220;little secrets&#8221; and a detailed map of the park will make you enjoy a unique experience.<\/p>\n","protected":false},"featured_media":21885,"comment_status":"closed","ping_status":"open","template":"","meta":{"_acf_changed":false,"_monsterinsights_skip_tracking":false,"_monsterinsights_sitenote_active":false,"_monsterinsights_sitenote_note":"","_monsterinsights_sitenote_category":0},"product_brand":[],"product_cat":[1556,1535,1496,1499],"product_tag":[304,314,1006,989,321,1093,308],"class_list":{"0":"post-26123","1":"product","2":"type-product","3":"status-publish","4":"has-post-thumbnail","6":"product_cat-antoni-gaudi-en","7":"product_cat-art-architecture-en","8":"product_cat-art-architecture","9":"product_cat-barcelona-en","10":"product_tag-catalan-en","11":"product_tag-english","12":"product_tag-french-en","13":"product_tag-german-en","14":"product_tag-italian","15":"product_tag-japanese-en","16":"product_tag-spanish","17":"pa_idioma-catalan-en","18":"pa_idioma-deutsch-en","19":"pa_idioma-english-en","20":"pa_idioma-espanol-en","21":"pa_idioma-francais-en","22":"pa_idioma-italiano-en","23":"pa_idioma-korean","24":"pa_idioma--en","26":"first","27":"instock","28":"taxable","29":"shipping-taxable","30":"purchasable","31":"product-type-variable","32":"has-default-attributes"},"acf":[],"_links":{"self":[{"href":"https:\/\/triangle.cat\/en\/wp-json\/wp\/v2\/product\/26123","targetHints":{"allow":["GET"]}}],"collection":[{"href":"https:\/\/triangle.cat\/en\/wp-json\/wp\/v2\/product"}],"about":[{"href":"https:\/\/triangle.cat\/en\/wp-json\/wp\/v2\/types\/product"}],"replies":[{"embeddable":true,"href":"https:\/\/triangle.cat\/en\/wp-json\/wp\/v2\/comments?post=26123"}],"wp:featuredmedia":[{"embeddable":true,"href":"https:\/\/triangle.cat\/en\/wp-json\/wp\/v2\/media\/21885"}],"wp:attachment":[{"href":"https:\/\/triangle.cat\/en\/wp-json\/wp\/v2\/media?parent=26123"}],"wp:term":[{"taxonomy":"product_brand","embeddable":true,"href":"https:\/\/triangle.cat\/en\/wp-json\/wp\/v2\/product_brand?post=26123"},{"taxonomy":"product_cat","embeddable":true,"href":"https:\/\/triangle.cat\/en\/wp-json\/wp\/v2\/product_cat?post=26123"},{"taxonomy":"product_tag","embeddable":true,"href":"https:\/\/triangle.cat\/en\/wp-json\/wp\/v2\/product_tag?post=26123"}],"curies":[{"name":"wp","href":"https:\/\/api.w.org\/{rel}","templated":true}]}}