
{"id":26080,"date":"2023-02-13T14:34:48","date_gmt":"2023-02-13T15:12:34","guid":{"rendered":"https:\/\/www.triangleeditorial.com\/producto\/jvjol-gaudi-2\/"},"modified":"2023-02-13T15:12:46","modified_gmt":"2023-02-13T15:12:46","slug":"jvjol-gaudi-2","status":"publish","type":"product","link":"https:\/\/triangle.cat\/en\/producto\/jvjol-gaudi-2\/","title":{"rendered":"Jvjol &#038; Gaud\u00ed"},"content":{"rendered":"","protected":false},"excerpt":{"rendered":"<p>The intervention of Josep Maria Jujol in the buildings of Antoni Gaud\u00ed marked a decisive turning point in the Gaudian work. In this book Jujol\u2019s son, Josep Maria Jujol junior, portrays the personal and artistic relationship between the two brilliant architects throughout their 20 years of collaboration, initiated on the main fa\u00e7ade of Casa Batll\u00f3 in 1906 and which ended tragically due to the accidental death of Gaud\u00ed in 1926.Thanks to his research work of both direct (his own father, interviews with assistants and disciples of Gaud\u00ed&#8230;) and documental sources, we can identify and value the determinant interventions of Jujol in Gaud\u00ed\u2019s work and through which (graphic art of emphatic vibration, \u201cchromatic torment\u201d of great power and lyricism, avant-garde collages in the trencad\u00eds&#8230;) many creations by Gaud\u00ed are identified today.<\/p>\n","protected":false},"featured_media":16805,"comment_status":"closed","ping_status":"closed","template":"","meta":{"_acf_changed":false,"_monsterinsights_skip_tracking":false,"_monsterinsights_sitenote_active":false,"_monsterinsights_sitenote_note":"","_monsterinsights_sitenote_category":0},"product_brand":[],"product_cat":[1556,1535],"product_tag":[314,308],"class_list":{"0":"post-26080","1":"product","2":"type-product","3":"status-publish","4":"has-post-thumbnail","6":"product_cat-antoni-gaudi-en","7":"product_cat-art-architecture-en","8":"product_tag-english","9":"product_tag-spanish","10":"pa_idioma-multilingue-espanol-english-en","12":"first","13":"instock","14":"taxable","15":"shipping-taxable","16":"purchasable","17":"product-type-variable","18":"has-default-attributes"},"acf":[],"_links":{"self":[{"href":"https:\/\/triangle.cat\/en\/wp-json\/wp\/v2\/product\/26080","targetHints":{"allow":["GET"]}}],"collection":[{"href":"https:\/\/triangle.cat\/en\/wp-json\/wp\/v2\/product"}],"about":[{"href":"https:\/\/triangle.cat\/en\/wp-json\/wp\/v2\/types\/product"}],"replies":[{"embeddable":true,"href":"https:\/\/triangle.cat\/en\/wp-json\/wp\/v2\/comments?post=26080"}],"wp:featuredmedia":[{"embeddable":true,"href":"https:\/\/triangle.cat\/en\/wp-json\/wp\/v2\/media\/16805"}],"wp:attachment":[{"href":"https:\/\/triangle.cat\/en\/wp-json\/wp\/v2\/media?parent=26080"}],"wp:term":[{"taxonomy":"product_brand","embeddable":true,"href":"https:\/\/triangle.cat\/en\/wp-json\/wp\/v2\/product_brand?post=26080"},{"taxonomy":"product_cat","embeddable":true,"href":"https:\/\/triangle.cat\/en\/wp-json\/wp\/v2\/product_cat?post=26080"},{"taxonomy":"product_tag","embeddable":true,"href":"https:\/\/triangle.cat\/en\/wp-json\/wp\/v2\/product_tag?post=26080"}],"curies":[{"name":"wp","href":"https:\/\/api.w.org\/{rel}","templated":true}]}}