
{"id":25974,"date":"2023-02-13T14:21:32","date_gmt":"2023-02-13T14:58:26","guid":{"rendered":"https:\/\/www.triangleeditorial.com\/producto\/la-garrotxa\/"},"modified":"2023-02-13T14:58:39","modified_gmt":"2023-02-13T14:58:39","slug":"la-garrotxa","status":"publish","type":"product","link":"https:\/\/triangle.cat\/en\/producto\/la-garrotxa\/","title":{"rendered":"La Garrotxa"},"content":{"rendered":"","protected":false},"excerpt":{"rendered":"<p>Land and time. Volcanoes and beech woods. Valleys and villages. Men and traditions. A literary and photgraphic stroll\u2013from the hand of Francesc Ser\u00e9s and Jordi Puig \u2013 giving us an insight into the region of the Garrotxa; the Alta Garrotxa; the Bianya valley and the Vall d\u2019en Bas; the Brugent and Ll\u00e9mena rivers; the volcanoes and the Fluvi\u00e0 basin. Illustrated with over 250 large format images, fold-out sheets and a detailed edition. Francesc Ser\u00e9s says in his text: \u201cthe landscape of the Garrotxa is, first and foremost, about the passing of time against the adversity of relief\u201d. With this book we invite you to check it out.<\/p>\n","protected":false},"featured_media":22600,"comment_status":"closed","ping_status":"open","template":"","meta":{"_acf_changed":false,"_monsterinsights_skip_tracking":false,"_monsterinsights_sitenote_active":false,"_monsterinsights_sitenote_note":"","_monsterinsights_sitenote_category":0},"product_brand":[],"product_cat":[1541,1559,1554],"product_tag":[304,314,1006,308],"class_list":{"0":"post-25974","1":"product","2":"type-product","3":"status-publish","4":"has-post-thumbnail","6":"product_cat-catalonia","7":"product_cat-girona-costa-brava-en","8":"product_cat-photography-design","9":"product_tag-catalan-en","10":"product_tag-english","11":"product_tag-french-en","12":"product_tag-spanish","13":"pa_idioma-multilingual-catala-espanol-english-francais","15":"first","16":"instock","17":"taxable","18":"shipping-taxable","19":"purchasable","20":"product-type-variable","21":"has-default-attributes"},"acf":[],"_links":{"self":[{"href":"https:\/\/triangle.cat\/en\/wp-json\/wp\/v2\/product\/25974","targetHints":{"allow":["GET"]}}],"collection":[{"href":"https:\/\/triangle.cat\/en\/wp-json\/wp\/v2\/product"}],"about":[{"href":"https:\/\/triangle.cat\/en\/wp-json\/wp\/v2\/types\/product"}],"replies":[{"embeddable":true,"href":"https:\/\/triangle.cat\/en\/wp-json\/wp\/v2\/comments?post=25974"}],"wp:featuredmedia":[{"embeddable":true,"href":"https:\/\/triangle.cat\/en\/wp-json\/wp\/v2\/media\/22600"}],"wp:attachment":[{"href":"https:\/\/triangle.cat\/en\/wp-json\/wp\/v2\/media?parent=25974"}],"wp:term":[{"taxonomy":"product_brand","embeddable":true,"href":"https:\/\/triangle.cat\/en\/wp-json\/wp\/v2\/product_brand?post=25974"},{"taxonomy":"product_cat","embeddable":true,"href":"https:\/\/triangle.cat\/en\/wp-json\/wp\/v2\/product_cat?post=25974"},{"taxonomy":"product_tag","embeddable":true,"href":"https:\/\/triangle.cat\/en\/wp-json\/wp\/v2\/product_tag?post=25974"}],"curies":[{"name":"wp","href":"https:\/\/api.w.org\/{rel}","templated":true}]}}