
{"id":24966,"date":"2023-02-13T11:10:00","date_gmt":"2023-02-13T13:53:56","guid":{"rendered":"https:\/\/www.triangleeditorial.com\/producto\/dali\/"},"modified":"2026-01-27T13:09:09","modified_gmt":"2026-01-27T11:09:09","slug":"dali","status":"publish","type":"product","link":"https:\/\/triangle.cat\/en\/producto\/dali\/","title":{"rendered":"Dal\u00ed"},"content":{"rendered":"","protected":false},"excerpt":{"rendered":"<p>Salvador Dal\u00ed turned the Empord\u00e0 landscape into a symbol of surrealism. The Catalan painter\u2019s work is inseparable from his birthplace. The best evidence of this we have in the Dal\u00ed Theatre-Museum in Figueres, the house in Portlligat and the castle in P\u00fabol. Three sides of the triangle in which a large part of the brilliant artist\u2019s daily life took place.<\/p>\n","protected":false},"featured_media":17152,"comment_status":"closed","ping_status":"open","template":"","meta":{"_acf_changed":false,"_monsterinsights_skip_tracking":false,"_monsterinsights_sitenote_active":false,"_monsterinsights_sitenote_note":"","_monsterinsights_sitenote_category":0},"product_brand":[],"product_cat":[1535,1559,1547],"product_tag":[304,314,1006,989,321,1087,308],"class_list":{"0":"post-24966","1":"product","2":"type-product","3":"status-publish","4":"has-post-thumbnail","6":"product_cat-art-architecture-en","7":"product_cat-girona-costa-brava-en","8":"product_cat-salvador-dali-en","9":"product_tag-catalan-en","10":"product_tag-english","11":"product_tag-french-en","12":"product_tag-german-en","13":"product_tag-italian","14":"product_tag-russian-en","15":"product_tag-spanish","16":"pa_idioma-catalan-en","17":"pa_idioma-deutsch-en","18":"pa_idioma-english-en","19":"pa_idioma-espanol-en","20":"pa_idioma-francais-en","21":"pa_idioma-italiano-en","22":"pa_idioma--en","24":"first","25":"instock","26":"taxable","27":"shipping-taxable","28":"purchasable","29":"product-type-variable","30":"has-default-attributes"},"acf":[],"_links":{"self":[{"href":"https:\/\/triangle.cat\/en\/wp-json\/wp\/v2\/product\/24966","targetHints":{"allow":["GET"]}}],"collection":[{"href":"https:\/\/triangle.cat\/en\/wp-json\/wp\/v2\/product"}],"about":[{"href":"https:\/\/triangle.cat\/en\/wp-json\/wp\/v2\/types\/product"}],"replies":[{"embeddable":true,"href":"https:\/\/triangle.cat\/en\/wp-json\/wp\/v2\/comments?post=24966"}],"wp:featuredmedia":[{"embeddable":true,"href":"https:\/\/triangle.cat\/en\/wp-json\/wp\/v2\/media\/17152"}],"wp:attachment":[{"href":"https:\/\/triangle.cat\/en\/wp-json\/wp\/v2\/media?parent=24966"}],"wp:term":[{"taxonomy":"product_brand","embeddable":true,"href":"https:\/\/triangle.cat\/en\/wp-json\/wp\/v2\/product_brand?post=24966"},{"taxonomy":"product_cat","embeddable":true,"href":"https:\/\/triangle.cat\/en\/wp-json\/wp\/v2\/product_cat?post=24966"},{"taxonomy":"product_tag","embeddable":true,"href":"https:\/\/triangle.cat\/en\/wp-json\/wp\/v2\/product_tag?post=24966"}],"curies":[{"name":"wp","href":"https:\/\/api.w.org\/{rel}","templated":true}]}}