
{"id":24934,"date":"2023-02-13T11:06:01","date_gmt":"2023-02-13T13:49:35","guid":{"rendered":"https:\/\/www.triangleeditorial.com\/producto\/comillas\/"},"modified":"2023-02-13T13:49:50","modified_gmt":"2023-02-13T13:49:50","slug":"comillas","status":"publish","type":"product","link":"https:\/\/triangle.cat\/en\/producto\/comillas\/","title":{"rendered":"Comillas"},"content":{"rendered":"","protected":false},"excerpt":{"rendered":"<p>At the end of the 19th century, the most important architects, artists and craftsmen of Catalan Modernism, Antoni Gaud\u00ed and Llu\u00eds Dom\u00e8nech i Montaner among them, changed the aspect forever of the Villa of Comillas, in Cantabria. Their work resulted in monumental works such as the El Capricho building, the Pontifical Deminary, the Sobrellano Palace, the Chapel-Pantheon of the Marquises of Comillas or the cemetery.<\/p>\n","protected":false},"featured_media":22532,"comment_status":"closed","ping_status":"open","template":"","meta":{"_acf_changed":false,"_monsterinsights_skip_tracking":false,"_monsterinsights_sitenote_active":false,"_monsterinsights_sitenote_note":"","_monsterinsights_sitenote_category":0},"product_brand":[],"product_cat":[1535],"product_tag":[308],"class_list":{"0":"post-24934","1":"product","2":"type-product","3":"status-publish","4":"has-post-thumbnail","6":"product_cat-art-architecture-en","7":"product_tag-spanish","8":"pa_idioma-espanol-en","10":"first","11":"instock","12":"taxable","13":"shipping-taxable","14":"purchasable","15":"product-type-variable","16":"has-default-attributes"},"acf":[],"_links":{"self":[{"href":"https:\/\/triangle.cat\/en\/wp-json\/wp\/v2\/product\/24934","targetHints":{"allow":["GET"]}}],"collection":[{"href":"https:\/\/triangle.cat\/en\/wp-json\/wp\/v2\/product"}],"about":[{"href":"https:\/\/triangle.cat\/en\/wp-json\/wp\/v2\/types\/product"}],"replies":[{"embeddable":true,"href":"https:\/\/triangle.cat\/en\/wp-json\/wp\/v2\/comments?post=24934"}],"wp:featuredmedia":[{"embeddable":true,"href":"https:\/\/triangle.cat\/en\/wp-json\/wp\/v2\/media\/22532"}],"wp:attachment":[{"href":"https:\/\/triangle.cat\/en\/wp-json\/wp\/v2\/media?parent=24934"}],"wp:term":[{"taxonomy":"product_brand","embeddable":true,"href":"https:\/\/triangle.cat\/en\/wp-json\/wp\/v2\/product_brand?post=24934"},{"taxonomy":"product_cat","embeddable":true,"href":"https:\/\/triangle.cat\/en\/wp-json\/wp\/v2\/product_cat?post=24934"},{"taxonomy":"product_tag","embeddable":true,"href":"https:\/\/triangle.cat\/en\/wp-json\/wp\/v2\/product_tag?post=24934"}],"curies":[{"name":"wp","href":"https:\/\/api.w.org\/{rel}","templated":true}]}}