
{"id":24932,"date":"2023-02-13T11:05:36","date_gmt":"2023-02-13T13:49:12","guid":{"rendered":"https:\/\/www.triangleeditorial.com\/producto\/la-colonia-guell\/"},"modified":"2023-02-13T13:49:37","modified_gmt":"2023-02-13T13:49:37","slug":"la-colonia-guell","status":"publish","type":"product","link":"https:\/\/triangle.cat\/en\/producto\/la-colonia-guell\/","title":{"rendered":"La Col\u00f2nia G\u00fcell"},"content":{"rendered":"","protected":false},"excerpt":{"rendered":"<p>At the end of the 19th century Eusebi G\u00fcell promoted the construction of a workers\u2019 village in Santa Coloma de Cervell\u00f3 (close to Barcelona). The factory, workers\u2019 houses and in particular, the unfinished church designed by Gaud\u00ed, are related to a golden age of Catalan industry in the past. The church crypt is one of the works most appreciated by experts in Gaud\u00ed.<\/p>\n","protected":false},"featured_media":5357,"comment_status":"closed","ping_status":"open","template":"","meta":{"_acf_changed":false,"_monsterinsights_skip_tracking":false,"_monsterinsights_sitenote_active":false,"_monsterinsights_sitenote_note":"","_monsterinsights_sitenote_category":0},"product_brand":[],"product_cat":[1556],"product_tag":[304,314,1006,308],"class_list":{"0":"post-24932","1":"product","2":"type-product","3":"status-publish","4":"has-post-thumbnail","6":"product_cat-antoni-gaudi-en","7":"product_tag-catalan-en","8":"product_tag-english","9":"product_tag-french-en","10":"product_tag-spanish","11":"pa_idioma-multilingue-catala-espanol-francais-english-en","13":"first","14":"instock","15":"taxable","16":"shipping-taxable","17":"purchasable","18":"product-type-variable","19":"has-default-attributes"},"acf":[],"_links":{"self":[{"href":"https:\/\/triangle.cat\/en\/wp-json\/wp\/v2\/product\/24932","targetHints":{"allow":["GET"]}}],"collection":[{"href":"https:\/\/triangle.cat\/en\/wp-json\/wp\/v2\/product"}],"about":[{"href":"https:\/\/triangle.cat\/en\/wp-json\/wp\/v2\/types\/product"}],"replies":[{"embeddable":true,"href":"https:\/\/triangle.cat\/en\/wp-json\/wp\/v2\/comments?post=24932"}],"wp:featuredmedia":[{"embeddable":true,"href":"https:\/\/triangle.cat\/en\/wp-json\/wp\/v2\/media\/5357"}],"wp:attachment":[{"href":"https:\/\/triangle.cat\/en\/wp-json\/wp\/v2\/media?parent=24932"}],"wp:term":[{"taxonomy":"product_brand","embeddable":true,"href":"https:\/\/triangle.cat\/en\/wp-json\/wp\/v2\/product_brand?post=24932"},{"taxonomy":"product_cat","embeddable":true,"href":"https:\/\/triangle.cat\/en\/wp-json\/wp\/v2\/product_cat?post=24932"},{"taxonomy":"product_tag","embeddable":true,"href":"https:\/\/triangle.cat\/en\/wp-json\/wp\/v2\/product_tag?post=24932"}],"curies":[{"name":"wp","href":"https:\/\/api.w.org\/{rel}","templated":true}]}}