
{"id":24887,"date":"2023-02-13T10:56:10","date_gmt":"2023-02-13T13:40:47","guid":{"rendered":"https:\/\/www.triangleeditorial.com\/producto\/barcelona-7\/"},"modified":"2023-02-13T13:41:46","modified_gmt":"2023-02-13T13:41:46","slug":"barcelona-7","status":"publish","type":"product","link":"https:\/\/triangle.cat\/en\/producto\/barcelona-7\/","title":{"rendered":"Barcelona"},"content":{"rendered":"","protected":false},"excerpt":{"rendered":"<p>The Mediterranean is present in very square, street and corner of Barcelona, the only city in the world with eight World Heritage buildings: six by Antoni Gaud\u00ed and two by Llu\u00eds Dom\u00e8nech i Montaner, the master architects of Catalan Modernism. Barcelona S3 presents an essential itinerary through its urban landscapes. From its Roman heritage to the latest avant-garde contemporary architecture, without leaving beside the city\u2019s unique and magnificent Gothic and Modernist buildings; is an essential book to visit the musts of Barcelona with its history stretching back 2,000 years, yet modern and cosmopolitan, dynamic, comfortable and welcoming to all people.<\/p>\n","protected":false},"featured_media":15201,"comment_status":"closed","ping_status":"closed","template":"","meta":{"_acf_changed":false,"_monsterinsights_skip_tracking":false,"_monsterinsights_sitenote_active":false,"_monsterinsights_sitenote_note":"","_monsterinsights_sitenote_category":0},"product_brand":[],"product_cat":[1538],"product_tag":[1090,314,1006,989,321,1052,1064,1087,308],"class_list":{"0":"post-24887","1":"product","2":"type-product","3":"status-publish","4":"has-post-thumbnail","6":"product_cat-barcelona-en-2","7":"product_tag-chinese-en","8":"product_tag-english","9":"product_tag-french-en","10":"product_tag-german-en","11":"product_tag-italian","12":"product_tag-nederlands-en","13":"product_tag-portuguese-en","14":"product_tag-russian-en","15":"product_tag-spanish","16":"pa_idioma-deutsch-en","17":"pa_idioma-english-en","18":"pa_idioma-espanol-en","19":"pa_idioma-francais-en","20":"pa_idioma-italiano-en","21":"pa_idioma-nederlands-en","22":"pa_idioma-portugues-en","23":"pa_idioma--en","26":"first","27":"instock","28":"taxable","29":"shipping-taxable","30":"purchasable","31":"product-type-variable","32":"has-default-attributes"},"acf":[],"_links":{"self":[{"href":"https:\/\/triangle.cat\/en\/wp-json\/wp\/v2\/product\/24887","targetHints":{"allow":["GET"]}}],"collection":[{"href":"https:\/\/triangle.cat\/en\/wp-json\/wp\/v2\/product"}],"about":[{"href":"https:\/\/triangle.cat\/en\/wp-json\/wp\/v2\/types\/product"}],"replies":[{"embeddable":true,"href":"https:\/\/triangle.cat\/en\/wp-json\/wp\/v2\/comments?post=24887"}],"wp:featuredmedia":[{"embeddable":true,"href":"https:\/\/triangle.cat\/en\/wp-json\/wp\/v2\/media\/15201"}],"wp:attachment":[{"href":"https:\/\/triangle.cat\/en\/wp-json\/wp\/v2\/media?parent=24887"}],"wp:term":[{"taxonomy":"product_brand","embeddable":true,"href":"https:\/\/triangle.cat\/en\/wp-json\/wp\/v2\/product_brand?post=24887"},{"taxonomy":"product_cat","embeddable":true,"href":"https:\/\/triangle.cat\/en\/wp-json\/wp\/v2\/product_cat?post=24887"},{"taxonomy":"product_tag","embeddable":true,"href":"https:\/\/triangle.cat\/en\/wp-json\/wp\/v2\/product_tag?post=24887"}],"curies":[{"name":"wp","href":"https:\/\/api.w.org\/{rel}","templated":true}]}}