
{"id":24817,"date":"2023-02-13T10:45:41","date_gmt":"2023-02-13T13:31:06","guid":{"rendered":"https:\/\/www.triangleeditorial.com\/producto\/casa-batllo-2\/"},"modified":"2026-02-02T23:22:21","modified_gmt":"2026-02-02T21:22:21","slug":"casa-batllo-2","status":"publish","type":"product","link":"https:\/\/triangle.cat\/en\/producto\/casa-batllo-2\/","title":{"rendered":"Casa Batll\u00f3"},"content":{"rendered":"","protected":false},"excerpt":{"rendered":"<p>This book Casa Batll\u00f3, takes us beyond its fa\u00e7ade to reveal to us, with meticulous detail, the architect\u2019s great creativity. It includes an essay by Juan Jos\u00e9 Lahuerta and a study of the morphology of the building.<\/p>\n","protected":false},"featured_media":7414,"comment_status":"closed","ping_status":"closed","template":"","meta":{"_acf_changed":false,"_monsterinsights_skip_tracking":false,"_monsterinsights_sitenote_active":false,"_monsterinsights_sitenote_note":"","_monsterinsights_sitenote_category":0},"product_brand":[],"product_cat":[1556,1535],"product_tag":[304,1090,314,1006,989,321,1093,1052,1087,308,1096],"class_list":{"0":"post-24817","1":"product","2":"type-product","3":"status-publish","4":"has-post-thumbnail","6":"product_cat-antoni-gaudi-en","7":"product_cat-art-architecture-en","8":"product_tag-catalan-en","9":"product_tag-chinese-en","10":"product_tag-english","11":"product_tag-french-en","12":"product_tag-german-en","13":"product_tag-italian","14":"product_tag-japanese-en","15":"product_tag-nederlands-en","16":"product_tag-russian-en","17":"product_tag-spanish","18":"product_tag--korean-en","19":"pa_idioma-catalan-en","20":"pa_idioma-deutsch-en","21":"pa_idioma-english-en","22":"pa_idioma-espanol-en","23":"pa_idioma-francais-en","24":"pa_idioma-italiano-en","25":"pa_idioma-nederlands-en","26":"pa_idioma--en","30":"first","31":"instock","32":"taxable","33":"shipping-taxable","34":"purchasable","35":"product-type-variable","36":"has-default-attributes"},"acf":[],"_links":{"self":[{"href":"https:\/\/triangle.cat\/en\/wp-json\/wp\/v2\/product\/24817","targetHints":{"allow":["GET"]}}],"collection":[{"href":"https:\/\/triangle.cat\/en\/wp-json\/wp\/v2\/product"}],"about":[{"href":"https:\/\/triangle.cat\/en\/wp-json\/wp\/v2\/types\/product"}],"replies":[{"embeddable":true,"href":"https:\/\/triangle.cat\/en\/wp-json\/wp\/v2\/comments?post=24817"}],"wp:featuredmedia":[{"embeddable":true,"href":"https:\/\/triangle.cat\/en\/wp-json\/wp\/v2\/media\/7414"}],"wp:attachment":[{"href":"https:\/\/triangle.cat\/en\/wp-json\/wp\/v2\/media?parent=24817"}],"wp:term":[{"taxonomy":"product_brand","embeddable":true,"href":"https:\/\/triangle.cat\/en\/wp-json\/wp\/v2\/product_brand?post=24817"},{"taxonomy":"product_cat","embeddable":true,"href":"https:\/\/triangle.cat\/en\/wp-json\/wp\/v2\/product_cat?post=24817"},{"taxonomy":"product_tag","embeddable":true,"href":"https:\/\/triangle.cat\/en\/wp-json\/wp\/v2\/product_tag?post=24817"}],"curies":[{"name":"wp","href":"https:\/\/api.w.org\/{rel}","templated":true}]}}