
{"id":24784,"date":"2023-02-13T10:40:58","date_gmt":"2023-02-13T13:26:44","guid":{"rendered":"https:\/\/www.triangleeditorial.com\/producto\/barcelona\/"},"modified":"2023-02-13T13:26:56","modified_gmt":"2023-02-13T13:26:56","slug":"barcelona","status":"publish","type":"product","link":"https:\/\/triangle.cat\/en\/producto\/barcelona\/","title":{"rendered":"Barcelona"},"content":{"rendered":"","protected":false},"excerpt":{"rendered":"<p>The universal genius of Mir\u00f3, Dal\u00ed, Gaud\u00ed and Picasso was forged in Barcelona. An attractive tour of its urban landscape, with comments by famous artists and visitors gives perfect dose of cosmopolitanism. Preface by Manuel V\u00e1zquez Montalb\u00e1n. Include fold-out panoramic photos.<\/p>\n","protected":false},"featured_media":8015,"comment_status":"closed","ping_status":"closed","template":"","meta":{"_acf_changed":false,"_monsterinsights_skip_tracking":false,"_monsterinsights_sitenote_active":false,"_monsterinsights_sitenote_note":"","_monsterinsights_sitenote_category":0},"product_brand":[],"product_cat":[1538,1554],"product_tag":[304,314,1006,989,308],"class_list":{"0":"post-24784","1":"product","2":"type-product","3":"status-publish","4":"has-post-thumbnail","6":"product_cat-barcelona-en-2","7":"product_cat-photography-design","8":"product_tag-catalan-en","9":"product_tag-english","10":"product_tag-french-en","11":"product_tag-german-en","12":"product_tag-spanish","13":"pa_idioma-multilingue-espanol-english-catala-francais-deutsch-en","15":"first","16":"outofstock","17":"taxable","18":"shipping-taxable","19":"purchasable","20":"product-type-variable","21":"has-default-attributes"},"acf":[],"_links":{"self":[{"href":"https:\/\/triangle.cat\/en\/wp-json\/wp\/v2\/product\/24784","targetHints":{"allow":["GET"]}}],"collection":[{"href":"https:\/\/triangle.cat\/en\/wp-json\/wp\/v2\/product"}],"about":[{"href":"https:\/\/triangle.cat\/en\/wp-json\/wp\/v2\/types\/product"}],"replies":[{"embeddable":true,"href":"https:\/\/triangle.cat\/en\/wp-json\/wp\/v2\/comments?post=24784"}],"wp:featuredmedia":[{"embeddable":true,"href":"https:\/\/triangle.cat\/en\/wp-json\/wp\/v2\/media\/8015"}],"wp:attachment":[{"href":"https:\/\/triangle.cat\/en\/wp-json\/wp\/v2\/media?parent=24784"}],"wp:term":[{"taxonomy":"product_brand","embeddable":true,"href":"https:\/\/triangle.cat\/en\/wp-json\/wp\/v2\/product_brand?post=24784"},{"taxonomy":"product_cat","embeddable":true,"href":"https:\/\/triangle.cat\/en\/wp-json\/wp\/v2\/product_cat?post=24784"},{"taxonomy":"product_tag","embeddable":true,"href":"https:\/\/triangle.cat\/en\/wp-json\/wp\/v2\/product_tag?post=24784"}],"curies":[{"name":"wp","href":"https:\/\/api.w.org\/{rel}","templated":true}]}}