
{"id":24758,"date":"2023-02-13T10:29:34","date_gmt":"2023-02-13T13:17:06","guid":{"rendered":"https:\/\/www.triangleeditorial.com\/producto\/the-alhambra-of-granada-2\/"},"modified":"2023-02-13T13:19:46","modified_gmt":"2023-02-13T13:19:46","slug":"the-alhambra-of-granada-2","status":"publish","type":"product","link":"https:\/\/triangle.cat\/en\/producto\/the-alhambra-of-granada-2\/","title":{"rendered":"The Alhambra of Granada"},"content":{"rendered":"","protected":false},"excerpt":{"rendered":"<p>The photographer Llu\u00eds Casals and the novelist F\u00e9lix Bay\u00f3n guide us through a journey around the medieval city of the Alhambra of Granada, one of the masterpieces of Muslim culture in Spain. The richness of contrasts of light and water, the colour and exquisite decoration of its palaces, gardens and courtyards make it a pleasure for all the senses.<\/p>\n","protected":false},"featured_media":6417,"comment_status":"closed","ping_status":"open","template":"","meta":{"_acf_changed":false,"_monsterinsights_skip_tracking":false,"_monsterinsights_sitenote_active":false,"_monsterinsights_sitenote_note":"","_monsterinsights_sitenote_category":0},"product_brand":[],"product_cat":[1532,1535],"product_tag":[314,1006,989,321,1093,1087,308],"class_list":{"0":"post-24758","1":"product","2":"type-product","3":"status-publish","4":"has-post-thumbnail","6":"product_cat-andalusia-en-2","7":"product_cat-art-architecture-en","8":"product_tag-english","9":"product_tag-french-en","10":"product_tag-german-en","11":"product_tag-italian","12":"product_tag-japanese-en","13":"product_tag-russian-en","14":"product_tag-spanish","15":"pa_idioma-deutsch-en","16":"pa_idioma-english-en","17":"pa_idioma-espanol-en","18":"pa_idioma-francais-en","19":"pa_idioma-italiano-en","20":"pa_idioma--en","23":"first","24":"instock","25":"taxable","26":"shipping-taxable","27":"purchasable","28":"product-type-variable","29":"has-default-attributes"},"acf":[],"_links":{"self":[{"href":"https:\/\/triangle.cat\/en\/wp-json\/wp\/v2\/product\/24758","targetHints":{"allow":["GET"]}}],"collection":[{"href":"https:\/\/triangle.cat\/en\/wp-json\/wp\/v2\/product"}],"about":[{"href":"https:\/\/triangle.cat\/en\/wp-json\/wp\/v2\/types\/product"}],"replies":[{"embeddable":true,"href":"https:\/\/triangle.cat\/en\/wp-json\/wp\/v2\/comments?post=24758"}],"wp:featuredmedia":[{"embeddable":true,"href":"https:\/\/triangle.cat\/en\/wp-json\/wp\/v2\/media\/6417"}],"wp:attachment":[{"href":"https:\/\/triangle.cat\/en\/wp-json\/wp\/v2\/media?parent=24758"}],"wp:term":[{"taxonomy":"product_brand","embeddable":true,"href":"https:\/\/triangle.cat\/en\/wp-json\/wp\/v2\/product_brand?post=24758"},{"taxonomy":"product_cat","embeddable":true,"href":"https:\/\/triangle.cat\/en\/wp-json\/wp\/v2\/product_cat?post=24758"},{"taxonomy":"product_tag","embeddable":true,"href":"https:\/\/triangle.cat\/en\/wp-json\/wp\/v2\/product_tag?post=24758"}],"curies":[{"name":"wp","href":"https:\/\/api.w.org\/{rel}","templated":true}]}}