
{"id":24751,"date":"2023-02-13T10:28:43","date_gmt":"2023-02-13T13:16:12","guid":{"rendered":"https:\/\/www.triangleeditorial.com\/producto\/the-alhambra-of-granada\/"},"modified":"2024-12-11T00:50:19","modified_gmt":"2024-12-10T22:50:19","slug":"the-alhambra-of-granada","status":"publish","type":"product","link":"https:\/\/triangle.cat\/en\/producto\/the-alhambra-of-granada\/","title":{"rendered":"The Alhambra of Granada"},"content":{"rendered":"","protected":false},"excerpt":{"rendered":"<p>The photographer Llu\u00eds Casals and the novelist F\u00e9lix Bay\u00f3n guide us through a journey around the medieval city of the Alhambra of Granada, one of the masterpieces that Muslim culture erected on the Iberian Peninsula. The richness of contrasts of light and water, the colouring and exquisite ornamentation of its palaces, gardens and courtyards make it a pleasure for the senses.<\/p>\n","protected":false},"featured_media":21612,"comment_status":"closed","ping_status":"closed","template":"","meta":{"_acf_changed":false,"_monsterinsights_skip_tracking":false,"_monsterinsights_sitenote_active":false,"_monsterinsights_sitenote_note":"","_monsterinsights_sitenote_category":0},"product_brand":[],"product_cat":[1532,1535,1554],"product_tag":[314,1006,989,321,1093,308],"class_list":{"0":"post-24751","1":"product","2":"type-product","3":"status-publish","4":"has-post-thumbnail","6":"product_cat-andalusia-en-2","7":"product_cat-art-architecture-en","8":"product_cat-photography-design","9":"product_tag-english","10":"product_tag-french-en","11":"product_tag-german-en","12":"product_tag-italian","13":"product_tag-japanese-en","14":"product_tag-spanish","15":"pa_idioma-deutsch-en","16":"pa_idioma-english-en","17":"pa_idioma-espanol-en","18":"pa_idioma-francais-en","19":"pa_idioma-italiano-en","20":"pa_idioma--en","22":"first","23":"instock","24":"taxable","25":"shipping-taxable","26":"purchasable","27":"product-type-variable","28":"has-default-attributes"},"acf":[],"_links":{"self":[{"href":"https:\/\/triangle.cat\/en\/wp-json\/wp\/v2\/product\/24751","targetHints":{"allow":["GET"]}}],"collection":[{"href":"https:\/\/triangle.cat\/en\/wp-json\/wp\/v2\/product"}],"about":[{"href":"https:\/\/triangle.cat\/en\/wp-json\/wp\/v2\/types\/product"}],"replies":[{"embeddable":true,"href":"https:\/\/triangle.cat\/en\/wp-json\/wp\/v2\/comments?post=24751"}],"wp:featuredmedia":[{"embeddable":true,"href":"https:\/\/triangle.cat\/en\/wp-json\/wp\/v2\/media\/21612"}],"wp:attachment":[{"href":"https:\/\/triangle.cat\/en\/wp-json\/wp\/v2\/media?parent=24751"}],"wp:term":[{"taxonomy":"product_brand","embeddable":true,"href":"https:\/\/triangle.cat\/en\/wp-json\/wp\/v2\/product_brand?post=24751"},{"taxonomy":"product_cat","embeddable":true,"href":"https:\/\/triangle.cat\/en\/wp-json\/wp\/v2\/product_cat?post=24751"},{"taxonomy":"product_tag","embeddable":true,"href":"https:\/\/triangle.cat\/en\/wp-json\/wp\/v2\/product_tag?post=24751"}],"curies":[{"name":"wp","href":"https:\/\/api.w.org\/{rel}","templated":true}]}}